{"id":6750,"date":"2021-11-19T18:05:51","date_gmt":"2021-11-19T23:05:51","guid":{"rendered":"https:\/\/reddotalerts.ca\/covid-19-french-text\/"},"modified":"2021-12-13T11:39:46","modified_gmt":"2021-12-13T16:39:46","slug":"covid-19-fr","status":"publish","type":"page","link":"https:\/\/reddotalerts.ca\/fr\/covid-19-fr\/","title":{"rendered":"Covid-19"},"content":{"rendered":"<p>[et_pb_section fb_built=\u00a0\u00bb1&Prime; admin_label=\u00a0\u00bbsection\u00a0\u00bb _builder_version=\u00a0\u00bb3.22&Prime; global_colors_info=\u00a0\u00bb{}\u00a0\u00bb][et_pb_row admin_label=\u00a0\u00bbrow\u00a0\u00bb _builder_version=\u00a0\u00bb3.25&Prime; background_size=\u00a0\u00bbinitial\u00a0\u00bb background_position=\u00a0\u00bbtop_left\u00a0\u00bb background_repeat=\u00a0\u00bbrepeat\u00a0\u00bb global_colors_info=\u00a0\u00bb{}\u00a0\u00bb][et_pb_column type=\u00a0\u00bb4_4&Prime; _builder_version=\u00a0\u00bb3.25&Prime; custom_padding=\u00a0\u00bb|||\u00a0\u00bb global_colors_info=\u00a0\u00bb{}\u00a0\u00bb custom_padding__hover=\u00a0\u00bb|||\u00a0\u00bb][et_pb_text admin_label=\u00a0\u00bbText\u00a0\u00bb _builder_version=\u00a0\u00bb4.12.1&Prime; text_font_size=\u00a0\u00bb24px\u00a0\u00bb text_line_height=\u00a0\u00bb36px\u00a0\u00bb background_size=\u00a0\u00bbinitial\u00a0\u00bb background_position=\u00a0\u00bbtop_left\u00a0\u00bb background_repeat=\u00a0\u00bbrepeat\u00a0\u00bb width=\u00a0\u00bb90%\u00a0\u00bb module_alignment=\u00a0\u00bbcenter\u00a0\u00bb global_colors_info=\u00a0\u00bb{}\u00a0\u00bb]<\/p>\n<h1>Red Dot Alerts r\u00e9ponse au COVID-19<\/h1>\n<p>Le monde entier est actuellement aux prises avec un probl\u00e8me de taille aux cons\u00e9quences humaines importantes, et nous sympathisons avec toutes les personnes touch\u00e9es par la pand\u00e9mie de COVID-19.<\/p>\n<p>Sachez n\u00e9anmoins que la pand\u00e9mie n\u2019affecte pas notre capacit\u00e9 \u00e0 r\u00e9pondre aux appels d\u2019urgence. Notre centrale d\u2019appels continue de fonctionner jour et nuit. La sant\u00e9 et la s\u00e9curit\u00e9 de notre client\u00e8le demeurent notre priorit\u00e9. Nous sommes toujours l\u00e0 pour vous aider. <\/p>\n<p>Nous continuons \u00e0 surveiller l\u2019\u00e9volution de la COVID-19 pour veiller \u00e0 prot\u00e9ger la sant\u00e9 de notre personnel et \u00e0 pr\u00e9server notre capacit\u00e9 de fonctionnement. Une bonne partie de nos t\u00e2ches quotidiennes est accomplie par du personnel qui travaille \u00e0 distance, conform\u00e9ment aux recommandations des autorit\u00e9s f\u00e9d\u00e9rale et provinciale.<\/p>\n<p>Nous demeurons \u00e0 votre enti\u00e8re disposition.<\/p>\n<p>Soyez sans crainte. Profitez du confort et de la s\u00e9curit\u00e9 de votre domicile. <\/p>\n<p><strong><em>L\u2019\u00e9quipe de Red Dot Alerts<\/em><\/strong>[\/et_pb_text][\/et_pb_column][\/et_pb_row][\/et_pb_section]<\/p>\n","protected":false},"excerpt":{"rendered":"<p>Red Dot Alerts r\u00e9ponse au COVID-19 Le monde entier est actuellement aux prises avec un probl\u00e8me de taille aux cons\u00e9quences humaines importantes, et nous sympathisons avec toutes les personnes touch\u00e9es par la pand\u00e9mie de COVID-19. Sachez n\u00e9anmoins que la pand\u00e9mie n\u2019affecte pas notre capacit\u00e9 \u00e0 r\u00e9pondre aux appels d\u2019urgence. Notre centrale d\u2019appels continue de fonctionner [&hellip;]<\/p>\n","protected":false},"author":9,"featured_media":0,"parent":0,"menu_order":0,"comment_status":"closed","ping_status":"closed","template":"","meta":{"_et_pb_use_builder":"on","_et_pb_old_content":"","_et_gb_content_width":"","om_disable_all_campaigns":false,"inline_featured_image":false,"_monsterinsights_skip_tracking":false,"_monsterinsights_sitenote_active":false,"_monsterinsights_sitenote_note":"","_monsterinsights_sitenote_category":0,"footnotes":"","_links_to":"","_links_to_target":""},"class_list":["post-6750","page","type-page","status-publish","hentry"],"aioseo_notices":[],"yoast_head":"<!-- This site is optimized with the Yoast SEO plugin v27.0 - https:\/\/yoast.com\/product\/yoast-seo-wordpress\/ -->\n<title>Covid-19 - Red Dot Personal Alert Solutions<\/title>\n<meta name=\"description\" content=\"Le monde entier est actuellement aux prises avec un probl\u00e8me de taille aux cons\u00e9quences humaines importantes, et nous sympathisons avec toutes les personnes touch\u00e9es par la pand\u00e9mie de COVID-19.\" \/>\n<meta name=\"robots\" content=\"index, follow, max-snippet:-1, max-image-preview:large, max-video-preview:-1\" \/>\n<link rel=\"canonical\" href=\"https:\/\/reddotalerts.ca\/fr\/covid-19-fr\/\" \/>\n<meta property=\"og:locale\" content=\"fr_FR\" \/>\n<meta property=\"og:type\" content=\"article\" \/>\n<meta property=\"og:title\" content=\"Covid-19 - Red Dot Personal Alert Solutions\" \/>\n<meta property=\"og:description\" content=\"Le monde entier est actuellement aux prises avec un probl\u00e8me de taille aux cons\u00e9quences humaines importantes, et nous sympathisons avec toutes les personnes touch\u00e9es par la pand\u00e9mie de COVID-19.\" \/>\n<meta property=\"og:url\" content=\"https:\/\/reddotalerts.ca\/fr\/covid-19-fr\/\" \/>\n<meta property=\"og:site_name\" content=\"Red Dot Personal Alert Solutions\" \/>\n<meta property=\"article:modified_time\" content=\"2021-12-13T16:39:46+00:00\" \/>\n<meta property=\"og:image\" content=\"https:\/\/reddotalerts.ca\/wp-content\/uploads\/2021\/10\/RedDot_heroimage-home.jpg\" \/>\n\t<meta property=\"og:image:width\" content=\"1920\" \/>\n\t<meta property=\"og:image:height\" content=\"1271\" \/>\n\t<meta property=\"og:image:type\" content=\"image\/jpeg\" \/>\n<meta name=\"twitter:card\" content=\"summary_large_image\" \/>\n<meta name=\"twitter:label1\" content=\"Dur\u00e9e de lecture estim\u00e9e\" \/>\n\t<meta name=\"twitter:data1\" content=\"1 minute\" \/>\n<script type=\"application\/ld+json\" class=\"yoast-schema-graph\">{\"@context\":\"https:\/\/schema.org\",\"@graph\":[{\"@type\":\"WebPage\",\"@id\":\"https:\/\/reddotalerts.ca\/fr\/covid-19-fr\/\",\"url\":\"https:\/\/reddotalerts.ca\/fr\/covid-19-fr\/\",\"name\":\"Covid-19 - Red Dot Personal Alert Solutions\",\"isPartOf\":{\"@id\":\"https:\/\/reddotalerts.ca\/fr\/#website\"},\"datePublished\":\"2021-11-19T23:05:51+00:00\",\"dateModified\":\"2021-12-13T16:39:46+00:00\",\"description\":\"Le monde entier est actuellement aux prises avec un probl\u00e8me de taille aux cons\u00e9quences humaines importantes, et nous sympathisons avec toutes les personnes touch\u00e9es par la pand\u00e9mie de COVID-19.\",\"breadcrumb\":{\"@id\":\"https:\/\/reddotalerts.ca\/fr\/covid-19-fr\/#breadcrumb\"},\"inLanguage\":\"fr-FR\",\"potentialAction\":[{\"@type\":\"ReadAction\",\"target\":[\"https:\/\/reddotalerts.ca\/fr\/covid-19-fr\/\"]}]},{\"@type\":\"BreadcrumbList\",\"@id\":\"https:\/\/reddotalerts.ca\/fr\/covid-19-fr\/#breadcrumb\",\"itemListElement\":[{\"@type\":\"ListItem\",\"position\":1,\"name\":\"Home\",\"item\":\"https:\/\/reddotalerts.ca\/fr\/\"},{\"@type\":\"ListItem\",\"position\":2,\"name\":\"Covid-19\"}]},{\"@type\":\"WebSite\",\"@id\":\"https:\/\/reddotalerts.ca\/fr\/#website\",\"url\":\"https:\/\/reddotalerts.ca\/fr\/\",\"name\":\"Red Dot Personal Alert Solutions\",\"description\":\"Red Dot knows how important it is to keep your loved ones safe.\",\"publisher\":{\"@id\":\"https:\/\/reddotalerts.ca\/fr\/#organization\"},\"potentialAction\":[{\"@type\":\"SearchAction\",\"target\":{\"@type\":\"EntryPoint\",\"urlTemplate\":\"https:\/\/reddotalerts.ca\/fr\/?s={search_term_string}\"},\"query-input\":{\"@type\":\"PropertyValueSpecification\",\"valueRequired\":true,\"valueName\":\"search_term_string\"}}],\"inLanguage\":\"fr-FR\"},{\"@type\":\"Organization\",\"@id\":\"https:\/\/reddotalerts.ca\/fr\/#organization\",\"name\":\"Red Dot Personal Alert Solutions\",\"url\":\"https:\/\/reddotalerts.ca\/fr\/\",\"logo\":{\"@type\":\"ImageObject\",\"inLanguage\":\"fr-FR\",\"@id\":\"https:\/\/reddotalerts.ca\/fr\/#\/schema\/logo\/image\/\",\"url\":\"\",\"contentUrl\":\"\",\"caption\":\"Red Dot Personal Alert Solutions\"},\"image\":{\"@id\":\"https:\/\/reddotalerts.ca\/fr\/#\/schema\/logo\/image\/\"},\"sameAs\":[\"https:\/\/ca.linkedin.com\/company\/red-dot-alerts\"]}]}<\/script>\n<!-- \/ Yoast SEO plugin. -->","yoast_head_json":{"title":"Covid-19 - Red Dot Personal Alert Solutions","description":"Le monde entier est actuellement aux prises avec un probl\u00e8me de taille aux cons\u00e9quences humaines importantes, et nous sympathisons avec toutes les personnes touch\u00e9es par la pand\u00e9mie de COVID-19.","robots":{"index":"index","follow":"follow","max-snippet":"max-snippet:-1","max-image-preview":"max-image-preview:large","max-video-preview":"max-video-preview:-1"},"canonical":"https:\/\/reddotalerts.ca\/fr\/covid-19-fr\/","og_locale":"fr_FR","og_type":"article","og_title":"Covid-19 - Red Dot Personal Alert Solutions","og_description":"Le monde entier est actuellement aux prises avec un probl\u00e8me de taille aux cons\u00e9quences humaines importantes, et nous sympathisons avec toutes les personnes touch\u00e9es par la pand\u00e9mie de COVID-19.","og_url":"https:\/\/reddotalerts.ca\/fr\/covid-19-fr\/","og_site_name":"Red Dot Personal Alert Solutions","article_modified_time":"2021-12-13T16:39:46+00:00","og_image":[{"width":1920,"height":1271,"url":"https:\/\/reddotalerts.ca\/wp-content\/uploads\/2021\/10\/RedDot_heroimage-home.jpg","type":"image\/jpeg"}],"twitter_card":"summary_large_image","twitter_misc":{"Dur\u00e9e de lecture estim\u00e9e":"1 minute"},"schema":{"@context":"https:\/\/schema.org","@graph":[{"@type":"WebPage","@id":"https:\/\/reddotalerts.ca\/fr\/covid-19-fr\/","url":"https:\/\/reddotalerts.ca\/fr\/covid-19-fr\/","name":"Covid-19 - Red Dot Personal Alert Solutions","isPartOf":{"@id":"https:\/\/reddotalerts.ca\/fr\/#website"},"datePublished":"2021-11-19T23:05:51+00:00","dateModified":"2021-12-13T16:39:46+00:00","description":"Le monde entier est actuellement aux prises avec un probl\u00e8me de taille aux cons\u00e9quences humaines importantes, et nous sympathisons avec toutes les personnes touch\u00e9es par la pand\u00e9mie de COVID-19.","breadcrumb":{"@id":"https:\/\/reddotalerts.ca\/fr\/covid-19-fr\/#breadcrumb"},"inLanguage":"fr-FR","potentialAction":[{"@type":"ReadAction","target":["https:\/\/reddotalerts.ca\/fr\/covid-19-fr\/"]}]},{"@type":"BreadcrumbList","@id":"https:\/\/reddotalerts.ca\/fr\/covid-19-fr\/#breadcrumb","itemListElement":[{"@type":"ListItem","position":1,"name":"Home","item":"https:\/\/reddotalerts.ca\/fr\/"},{"@type":"ListItem","position":2,"name":"Covid-19"}]},{"@type":"WebSite","@id":"https:\/\/reddotalerts.ca\/fr\/#website","url":"https:\/\/reddotalerts.ca\/fr\/","name":"Red Dot Personal Alert Solutions","description":"Red Dot knows how important it is to keep your loved ones safe.","publisher":{"@id":"https:\/\/reddotalerts.ca\/fr\/#organization"},"potentialAction":[{"@type":"SearchAction","target":{"@type":"EntryPoint","urlTemplate":"https:\/\/reddotalerts.ca\/fr\/?s={search_term_string}"},"query-input":{"@type":"PropertyValueSpecification","valueRequired":true,"valueName":"search_term_string"}}],"inLanguage":"fr-FR"},{"@type":"Organization","@id":"https:\/\/reddotalerts.ca\/fr\/#organization","name":"Red Dot Personal Alert Solutions","url":"https:\/\/reddotalerts.ca\/fr\/","logo":{"@type":"ImageObject","inLanguage":"fr-FR","@id":"https:\/\/reddotalerts.ca\/fr\/#\/schema\/logo\/image\/","url":"","contentUrl":"","caption":"Red Dot Personal Alert Solutions"},"image":{"@id":"https:\/\/reddotalerts.ca\/fr\/#\/schema\/logo\/image\/"},"sameAs":["https:\/\/ca.linkedin.com\/company\/red-dot-alerts"]}]}},"_links":{"self":[{"href":"https:\/\/reddotalerts.ca\/fr\/wp-json\/wp\/v2\/pages\/6750","targetHints":{"allow":["GET"]}}],"collection":[{"href":"https:\/\/reddotalerts.ca\/fr\/wp-json\/wp\/v2\/pages"}],"about":[{"href":"https:\/\/reddotalerts.ca\/fr\/wp-json\/wp\/v2\/types\/page"}],"author":[{"embeddable":true,"href":"https:\/\/reddotalerts.ca\/fr\/wp-json\/wp\/v2\/users\/9"}],"replies":[{"embeddable":true,"href":"https:\/\/reddotalerts.ca\/fr\/wp-json\/wp\/v2\/comments?post=6750"}],"version-history":[{"count":3,"href":"https:\/\/reddotalerts.ca\/fr\/wp-json\/wp\/v2\/pages\/6750\/revisions"}],"predecessor-version":[{"id":7988,"href":"https:\/\/reddotalerts.ca\/fr\/wp-json\/wp\/v2\/pages\/6750\/revisions\/7988"}],"wp:attachment":[{"href":"https:\/\/reddotalerts.ca\/fr\/wp-json\/wp\/v2\/media?parent=6750"}],"curies":[{"name":"wp","href":"https:\/\/api.w.org\/{rel}","templated":true}]}}