{"id":6835,"date":"2021-11-22T13:44:18","date_gmt":"2021-11-22T18:44:18","guid":{"rendered":"https:\/\/reddotalerts.ca\/conseils-et-outils\/"},"modified":"2021-12-15T09:17:30","modified_gmt":"2021-12-15T14:17:30","slug":"conseils-et-outils","status":"publish","type":"page","link":"https:\/\/reddotalerts.ca\/fr\/conseils-et-outils\/","title":{"rendered":"Conseils et outils"},"content":{"rendered":"<p>[et_pb_section fb_built=\u00a0\u00bb1&Prime; fullwidth=\u00a0\u00bbon\u00a0\u00bb _builder_version=\u00a0\u00bb4.11.4&Prime; _module_preset=\u00a0\u00bbdefault\u00a0\u00bb global_colors_info=\u00a0\u00bb{}\u00a0\u00bb][et_pb_fullwidth_header title=\u00a0\u00bbConseils et outils\u00a0\u00bb text_orientation=\u00a0\u00bbcenter\u00a0\u00bb background_overlay_color=\u00a0\u00bbRGBA(0,0,0,0)\u00a0\u00bb _builder_version=\u00a0\u00bb4.12.1&Prime; _module_preset=\u00a0\u00bbdefault\u00a0\u00bb title_font_size=\u00a0\u00bb3vw\u00a0\u00bb content_font_size=\u00a0\u00bb1vw\u00a0\u00bb subhead_text_align=\u00a0\u00bbcenter\u00a0\u00bb subhead_font_size=\u00a0\u00bb2vw\u00a0\u00bb subhead_line_height=\u00a0\u00bb1.4em\u00a0\u00bb background_image=\u00a0\u00bbhttps:\/\/reddotalerts.ca\/wp-content\/uploads\/2021\/11\/RedDot_heroimage-toolstips.jpg\u00a0\u00bb background_position=\u00a0\u00bbcenter_left\u00a0\u00bb module_alignment=\u00a0\u00bbcenter\u00a0\u00bb animation_style=\u00a0\u00bbfade\u00a0\u00bb animation_direction=\u00a0\u00bbtop\u00a0\u00bb title_font_size_tablet=\u00a0\u00bb3.5vw\u00a0\u00bb title_font_size_phone=\u00a0\u00bb3.2vw\u00a0\u00bb title_font_size_last_edited=\u00a0\u00bbon|phone\u00a0\u00bb content_font_size_tablet=\u00a0\u00bb2vw\u00a0\u00bb content_font_size_phone=\u00a0\u00bb2vw\u00a0\u00bb content_font_size_last_edited=\u00a0\u00bbon|phone\u00a0\u00bb subhead_font_size_tablet=\u00a0\u00bb2vw\u00a0\u00bb subhead_font_size_phone=\u00a0\u00bb2vw\u00a0\u00bb subhead_font_size_last_edited=\u00a0\u00bbon|tablet\u00a0\u00bb subhead_line_height_tablet=\u00a0\u00bb1.2em\u00a0\u00bb subhead_line_height_phone=\u00a0\u00bb1.4em\u00a0\u00bb subhead_line_height_last_edited=\u00a0\u00bbon|phone\u00a0\u00bb background_last_edited=\u00a0\u00bbon|phone\u00a0\u00bb background_position_tablet=\u00a0\u00bbcenter_left\u00a0\u00bb background_position_phone=\u00a0\u00bbcenter_left\u00a0\u00bb custom_css_header_container=\u00a0\u00bbbackground-color:#ea0029;||width:28vw;||height:28vw;||margin-top:2vw;||margin-bottom:2vw;||border-radius:100%;||margin-left:10vw;\u00a0\u00bb global_colors_info=\u00a0\u00bb{}\u00a0\u00bb custom_css_header_container_last_edited=\u00a0\u00bbon|desktop\u00a0\u00bb custom_css_header_container_phone=\u00a0\u00bbbackground-color:#ea0029;||width:30vw;||height:30vw;||border-radius:100%;||margin-left:6vw;\u00a0\u00bb custom_css_header_container_tablet=\u00a0\u00bbbackground-color:#ea0029;||width:30vw;||height:30vw;||border-radius:100%;||margin-left:12vw;\u00a0\u00bb][\/et_pb_fullwidth_header][\/et_pb_section][et_pb_section fb_built=\u00a0\u00bb1&Prime; admin_label=\u00a0\u00bbsection\u00a0\u00bb _builder_version=\u00a0\u00bb3.22&Prime; global_colors_info=\u00a0\u00bb{}\u00a0\u00bb][et_pb_row admin_label=\u00a0\u00bbrow\u00a0\u00bb _builder_version=\u00a0\u00bb4.12.1&Prime; background_size=\u00a0\u00bbinitial\u00a0\u00bb background_position=\u00a0\u00bbtop_left\u00a0\u00bb background_repeat=\u00a0\u00bbrepeat\u00a0\u00bb custom_padding=\u00a0\u00bb||40px|||\u00a0\u00bb border_width_bottom=\u00a0\u00bb1px\u00a0\u00bb border_color_bottom=\u00a0\u00bb#EA0029&Prime; global_colors_info=\u00a0\u00bb{}\u00a0\u00bb][et_pb_column type=\u00a0\u00bb4_4&Prime; _builder_version=\u00a0\u00bb3.25&Prime; custom_padding=\u00a0\u00bb|||\u00a0\u00bb global_colors_info=\u00a0\u00bb{}\u00a0\u00bb custom_padding__hover=\u00a0\u00bb|||\u00a0\u00bb][et_pb_text _builder_version=\u00a0\u00bb4.12.1&Prime; _module_preset=\u00a0\u00bbdefault\u00a0\u00bb text_font_size=\u00a0\u00bb28px\u00a0\u00bb text_line_height=\u00a0\u00bb36px\u00a0\u00bb header_font_size=\u00a0\u00bb54px\u00a0\u00bb header_line_height=\u00a0\u00bb1.2em\u00a0\u00bb global_colors_info=\u00a0\u00bb{}\u00a0\u00bb]<\/p>\n<h1>Articles<\/h1>\n<p>Articles d\u2019information pour vous aider \u00e0 prendre les meilleures d\u00e9cisions en mati\u00e8re de soins pour vous ou l\u2019un de vos proches.<\/p>\n<p><span style=\"color: #ea0029;\">(Version fran\u00e7aise des articles \u00e0 venir sous peu)<\/span><\/p>\n<p>[\/et_pb_text][et_pb_blog_extras include_categories=\u00a0\u00bb7&Prime; blog_layout=\u00a0\u00bbslider\u00a0\u00bb slider_layout=\u00a0\u00bbblock_extended\u00a0\u00bb excerpt_length=\u00a0\u00bb0&Prime; show_more=\u00a0\u00bboff\u00a0\u00bb show_author=\u00a0\u00bboff\u00a0\u00bb show_date=\u00a0\u00bboff\u00a0\u00bb show_categories=\u00a0\u00bboff\u00a0\u00bb show_comments=\u00a0\u00bboff\u00a0\u00bb slides_per_view=\u00a0\u00bb3&Prime; slide_transition_duration=\u00a0\u00bb2000&Prime; show_arrow=\u00a0\u00bbon\u00a0\u00bb show_arrow_on_hover=\u00a0\u00bbon\u00a0\u00bb arrows_custom_padding=\u00a0\u00bb10px|10px|10px|10px|true|true\u00a0\u00bb arrow_font_size=\u00a0\u00bb22px\u00a0\u00bb arrow_color=\u00a0\u00bb#FFFFFF\u00a0\u00bb arrow_background_color=\u00a0\u00bb#EA0029&Prime; slides_per_view_tablet=\u00a0\u00bb2&Prime; slides_per_view_phone=\u00a0\u00bb1&Prime; slides_per_view_last_edited=\u00a0\u00bbon|phone\u00a0\u00bb _builder_version=\u00a0\u00bb4.13.0&Prime; _module_preset=\u00a0\u00bbdefault\u00a0\u00bb header_level=\u00a0\u00bbh4&Prime; meta_text_color=\u00a0\u00bb#808080&Prime; background_color=\u00a0\u00bb#F5F5F5&Prime; use_background_color_gradient=\u00a0\u00bbon\u00a0\u00bb background_color_gradient_start=\u00a0\u00bb#f5f5f5&Prime; background_color_gradient_end=\u00a0\u00bb#ffffff\u00a0\u00bb background_color_gradient_start_position=\u00a0\u00bb13%\u00a0\u00bb width=\u00a0\u00bb100%\u00a0\u00bb module_alignment=\u00a0\u00bbcenter\u00a0\u00bb custom_margin=\u00a0\u00bb||||false|false\u00a0\u00bb custom_padding=\u00a0\u00bb||||false|false\u00a0\u00bb global_colors_info=\u00a0\u00bb{}\u00a0\u00bb][\/et_pb_blog_extras][\/et_pb_column][\/et_pb_row][et_pb_row _builder_version=\u00a0\u00bb4.12.1&Prime; _module_preset=\u00a0\u00bbdefault\u00a0\u00bb global_colors_info=\u00a0\u00bb{}\u00a0\u00bb][et_pb_column type=\u00a0\u00bb4_4&Prime; _builder_version=\u00a0\u00bb4.12.1&Prime; _module_preset=\u00a0\u00bbdefault\u00a0\u00bb global_colors_info=\u00a0\u00bb{}\u00a0\u00bb][et_pb_text _builder_version=\u00a0\u00bb4.13.0&Prime; _module_preset=\u00a0\u00bbdefault\u00a0\u00bb text_font_size=\u00a0\u00bb28px\u00a0\u00bb text_line_height=\u00a0\u00bb36px\u00a0\u00bb header_font_size=\u00a0\u00bb54px\u00a0\u00bb header_line_height=\u00a0\u00bb1.2em\u00a0\u00bb global_colors_info=\u00a0\u00bb{}\u00a0\u00bb]<\/p>\n<h1>Ressources<\/h1>\n<p>Collection de ressources provenant d\u2019organismes et de professionnels de la sant\u00e9 pour vous aider, vous ou vos proches, \u00e0 pr\u00e9venir les chutes, \u00e0 rester en bonne sant\u00e9 et \u00e0 obtenir l\u2019assistance n\u00e9cessaire.[\/et_pb_text][\/et_pb_column][\/et_pb_row][et_pb_row column_structure=\u00a0\u00bb2_5,3_5&Prime; use_custom_gutter=\u00a0\u00bbon\u00a0\u00bb gutter_width=\u00a0\u00bb2&Prime; make_equal=\u00a0\u00bbon\u00a0\u00bb _builder_version=\u00a0\u00bb4.12.1&Prime; _module_preset=\u00a0\u00bbdefault\u00a0\u00bb global_colors_info=\u00a0\u00bb{}\u00a0\u00bb][et_pb_column type=\u00a0\u00bb2_5&Prime; _builder_version=\u00a0\u00bb4.12.1&Prime; _module_preset=\u00a0\u00bbdefault\u00a0\u00bb background_color=\u00a0\u00bb#F5F5F5&Prime; custom_padding=\u00a0\u00bb20px|20px|20px|40px|false|false\u00a0\u00bb global_colors_info=\u00a0\u00bb{}\u00a0\u00bb][et_pb_text _builder_version=\u00a0\u00bb4.13.1&Prime; _module_preset=\u00a0\u00bbdefault\u00a0\u00bb link_text_color=\u00a0\u00bb#000000&Prime; ul_text_color=\u00a0\u00bb#000000&Prime; ul_font_size=\u00a0\u00bb22px\u00a0\u00bb ul_line_height=\u00a0\u00bb1.6em\u00a0\u00bb ol_text_color=\u00a0\u00bb#EA0029&Prime; header_2_font_size=\u00a0\u00bb42px\u00a0\u00bb ul_font_size_tablet=\u00a0\u00bb22px\u00a0\u00bb ul_font_size_phone=\u00a0\u00bb18px\u00a0\u00bb ul_font_size_last_edited=\u00a0\u00bbon|tablet\u00a0\u00bb global_colors_info=\u00a0\u00bb{}\u00a0\u00bb link_text_color__hover_enabled=\u00a0\u00bbon|hover\u00a0\u00bb link_text_color__hover=\u00a0\u00bb#EA0029&Prime; ul_text_color__hover_enabled=\u00a0\u00bbon|hover\u00a0\u00bb ul_text_color__hover=\u00a0\u00bb#EA0029&Prime;]<\/p>\n<h2>Outils<\/h2>\n<ul>\n<li><a href=\"https:\/\/ontariocaregiver.ca\/fr\/\" target=\"_blank\" rel=\"noopener\">Organisme de soutien aux aidants naturels de l\u2019Ontario<\/a><\/li>\n<li><a href=\"https:\/\/ontariocaregiver.ca\/fr\/resources-education\/prendre-soin-dune-personne-agee\/\" target=\"_blank\" rel=\"noopener\">Prendre soin d\u2019une personne \u00e2g\u00e9e<\/a><\/li>\n<li><a href=\"https:\/\/ontariocaregiver.ca\/fr\/trouverdusoutien\/ligne-dassistance\/\" target=\"_blank\" rel=\"noopener\">Ligne d\u2019assistance de l\u2019Organisme de soutien aux aidants naturels de l\u2019Ontario<\/a><\/li>\n<li><a href=\"https:\/\/ontariocaregiver.ca\/fr\/devenez-un-organisme-de-soutien\/\" target=\"_blank\" rel=\"noopener\">Organisme communautaire d\u2019aidants naturels<\/a><\/li>\n<li><a href=\"https:\/\/ontariocaregiver.ca\/fr\/trouverdusoutien\/recherche-dinformations-sur-les-soins\/\" target=\"_blank\" rel=\"noopener\">Recherche d\u2019informations sur les soins<\/a><\/li>\n<li><a href=\"https:\/\/www.donnathomson.com\/\" target=\"_blank\" rel=\"noopener\">The Caregivers\u2019 Living Room <em>[site anglais]<\/em><\/a><\/li>\n<\/ul>\n<p>[\/et_pb_text][\/et_pb_column][et_pb_column type=\u00a0\u00bb3_5&Prime; _builder_version=\u00a0\u00bb4.12.1&Prime; _module_preset=\u00a0\u00bbdefault\u00a0\u00bb background_color=\u00a0\u00bb#F5F5F5&Prime; custom_padding=\u00a0\u00bb20px|20px|20px|40px|false|false\u00a0\u00bb global_colors_info=\u00a0\u00bb{}\u00a0\u00bb][et_pb_text _builder_version=\u00a0\u00bb4.13.1&Prime; _module_preset=\u00a0\u00bbdefault\u00a0\u00bb link_text_color=\u00a0\u00bb#000000&Prime; ul_text_color=\u00a0\u00bb#000000&Prime; ul_font_size=\u00a0\u00bb22px\u00a0\u00bb ul_line_height=\u00a0\u00bb1.6em\u00a0\u00bb ul_font_size_tablet=\u00a0\u00bb22px\u00a0\u00bb ul_font_size_phone=\u00a0\u00bb18px\u00a0\u00bb ul_font_size_last_edited=\u00a0\u00bbon|phone\u00a0\u00bb global_colors_info=\u00a0\u00bb{}\u00a0\u00bb link_text_color__hover_enabled=\u00a0\u00bbon|hover\u00a0\u00bb link_text_color__hover=\u00a0\u00bb#EA0029&Prime; ul_text_color__hover_enabled=\u00a0\u00bbon|desktop\u00a0\u00bb ul_text_color__hover=\u00a0\u00bb#EA0029&Prime;]<\/p>\n<h2>Pr\u00e9vention des chutes<\/h2>\n<ul>\n<li><a href=\"http:\/\/canadianfallprevention.ca\/resources-and-links\/\" target=\"_blank\" rel=\"noopener noreferrer\">Ressources et liens du Canadian Fall Prevention Curriculum <em>[site anglais]<\/em><\/a><\/li>\n<li><a href=\"http:\/\/canadianfallprevention.ca\/resources-and-links\/\" target=\"_blank\" rel=\"noopener noreferrer\"><\/a><a href=\"https:\/\/canadasafetycouncil.org\/cinq-conseils-pour-prevenir-les-chutes\/?lang=fr\" target=\"_blank\" rel=\"noopener noreferrer\">Cinq conseils pour pr\u00e9venir les chutes du Conseil canadien de la s\u00e9curit\u00e9<\/a><\/li>\n<li><a href=\"https:\/\/www.canada.ca\/fr\/sante-publique\/services\/promotion-sante\/vieillissement-aines\/publications\/publications-grand-public\/vous-pouvez-eviter-chutes.html\" target=\"_blank\" rel=\"noopener noreferrer\">Gouvernement du Canada<\/a><\/li>\n<li><a href=\"https:\/\/www.ncoa.org\/healthy-aging\/falls-prevention\/preventing-falls-tips-for-older-adults-and-caregivers\/6-steps-to-protect-your-older-loved-one-from-a-fall\/\" target=\"_blank\" rel=\"noopener noreferrer\">Six mesures \u00e0 prendre pour pr\u00e9venir les chutes chez vos proches \u00e2g\u00e9s <em>[site anglais]<\/em><\/a><\/li>\n<li><a href=\"https:\/\/canadasafetycouncil.org\/category\/securite-aines\/?lang=fr\" target=\"_blank\" rel=\"noopener noreferrer\">Guides pour veiller \u00e0 la s\u00e9curit\u00e9 des a\u00een\u00e9s du Conseil canadien de la s\u00e9curit\u00e9<\/a><\/li>\n<li><a href=\"https:\/\/www.canada.ca\/fr\/sante-publique\/services\/promotion-sante\/vieillissement-aines\/publications\/publications-grand-public\/chez-toute-securite-guide-securite-aines.html\" target=\"_blank\" rel=\"noopener\">Chez soi en toute s\u00e9curit\u00e9 \u2013 Guide de s\u00e9curit\u00e9 des a\u00een\u00e9s<\/a><\/li>\n<li><a href=\"http:\/\/agesafecanada.ca\/senior-home-safety\/\" target=\"_blank\" rel=\"noopener noreferrer\">S\u00e9curit\u00e9 des a\u00een\u00e9s \u00e0 domicile d\u2019Age Safe Canada <em>[site anglais]<\/em><\/a><\/li>\n<li><a href=\"http:\/\/agesafecanada.ca\/senior-home-safety\/\" target=\"_blank\" rel=\"noopener noreferrer\"><\/a><a href=\"https:\/\/www.rcmp-grc.gc.ca\/fr\/guide-securite-a-lintention-des-aines\" target=\"_blank\" rel=\"noopener noreferrer\">Guide de s\u00e9curit\u00e9 \u00e0 l\u2019intention des a\u00een\u00e9s de la Gendarmerie royale du Canada<\/a><\/li>\n<\/ul>\n<p>[\/et_pb_text][\/et_pb_column][\/et_pb_row][\/et_pb_section]<\/p>\n","protected":false},"excerpt":{"rendered":"<p>Articles Articles d\u2019information pour vous aider \u00e0 prendre les meilleures d\u00e9cisions en mati\u00e8re de soins pour vous ou l\u2019un de vos proches. (Version fran\u00e7aise des articles \u00e0 venir sous peu)Ressources Collection de ressources provenant d\u2019organismes et de professionnels de la sant\u00e9 pour vous aider, vous ou vos proches, \u00e0 pr\u00e9venir les chutes, \u00e0 rester en [&hellip;]<\/p>\n","protected":false},"author":9,"featured_media":0,"parent":0,"menu_order":0,"comment_status":"closed","ping_status":"closed","template":"","meta":{"_et_pb_use_builder":"on","_et_pb_old_content":"","_et_gb_content_width":"","om_disable_all_campaigns":false,"inline_featured_image":false,"_monsterinsights_skip_tracking":false,"_monsterinsights_sitenote_active":false,"_monsterinsights_sitenote_note":"","_monsterinsights_sitenote_category":0,"footnotes":"","_links_to":"","_links_to_target":""},"class_list":["post-6835","page","type-page","status-publish","hentry"],"aioseo_notices":[],"yoast_head":"<!-- This site is optimized with the Yoast SEO plugin v27.0 - https:\/\/yoast.com\/product\/yoast-seo-wordpress\/ -->\n<title>Syst\u00e8me d&#039;alerte personnel et services de s\u00e9curit\u00e9 mobile | Red Dot Alerts<\/title>\n<meta name=\"description\" content=\"Red Dot Alerts propose des solutions d\u2019alerte personnelle de nouvelle g\u00e9n\u00e9ration qui assurent votre s\u00e9curit\u00e9 en tout temps, peu importe o\u00f9 vous vous trouvez.\" \/>\n<meta name=\"robots\" content=\"index, follow, max-snippet:-1, max-image-preview:large, max-video-preview:-1\" \/>\n<link rel=\"canonical\" href=\"https:\/\/reddotalerts.ca\/fr\/conseils-et-outils\/\" \/>\n<meta property=\"og:locale\" content=\"fr_FR\" \/>\n<meta property=\"og:type\" content=\"article\" \/>\n<meta property=\"og:title\" content=\"Syst\u00e8me d&#039;alerte personnel et services de s\u00e9curit\u00e9 mobile | Red Dot Alerts\" \/>\n<meta property=\"og:description\" content=\"Red Dot Alerts propose des solutions d\u2019alerte personnelle de nouvelle g\u00e9n\u00e9ration qui assurent votre s\u00e9curit\u00e9 en tout temps, peu importe o\u00f9 vous vous trouvez.\" \/>\n<meta property=\"og:url\" content=\"https:\/\/reddotalerts.ca\/fr\/conseils-et-outils\/\" \/>\n<meta property=\"og:site_name\" content=\"Red Dot Personal Alert Solutions\" \/>\n<meta property=\"article:modified_time\" content=\"2021-12-15T14:17:30+00:00\" \/>\n<meta property=\"og:image\" content=\"https:\/\/reddotalerts.ca\/wp-content\/uploads\/2021\/10\/RedDot_heroimage-home.jpg\" \/>\n\t<meta property=\"og:image:width\" content=\"1920\" \/>\n\t<meta property=\"og:image:height\" content=\"1271\" \/>\n\t<meta property=\"og:image:type\" content=\"image\/jpeg\" \/>\n<meta name=\"twitter:card\" content=\"summary_large_image\" \/>\n<meta name=\"twitter:label1\" content=\"Dur\u00e9e de lecture estim\u00e9e\" \/>\n\t<meta name=\"twitter:data1\" content=\"5 minutes\" \/>\n<script type=\"application\/ld+json\" class=\"yoast-schema-graph\">{\"@context\":\"https:\/\/schema.org\",\"@graph\":[{\"@type\":\"WebPage\",\"@id\":\"https:\/\/reddotalerts.ca\/fr\/conseils-et-outils\/\",\"url\":\"https:\/\/reddotalerts.ca\/fr\/conseils-et-outils\/\",\"name\":\"Syst\u00e8me d'alerte personnel et services de s\u00e9curit\u00e9 mobile | Red Dot Alerts\",\"isPartOf\":{\"@id\":\"https:\/\/reddotalerts.ca\/fr\/#website\"},\"datePublished\":\"2021-11-22T18:44:18+00:00\",\"dateModified\":\"2021-12-15T14:17:30+00:00\",\"description\":\"Red Dot Alerts propose des solutions d\u2019alerte personnelle de nouvelle g\u00e9n\u00e9ration qui assurent votre s\u00e9curit\u00e9 en tout temps, peu importe o\u00f9 vous vous trouvez.\",\"breadcrumb\":{\"@id\":\"https:\/\/reddotalerts.ca\/fr\/conseils-et-outils\/#breadcrumb\"},\"inLanguage\":\"fr-FR\",\"potentialAction\":[{\"@type\":\"ReadAction\",\"target\":[\"https:\/\/reddotalerts.ca\/fr\/conseils-et-outils\/\"]}]},{\"@type\":\"BreadcrumbList\",\"@id\":\"https:\/\/reddotalerts.ca\/fr\/conseils-et-outils\/#breadcrumb\",\"itemListElement\":[{\"@type\":\"ListItem\",\"position\":1,\"name\":\"Home\",\"item\":\"https:\/\/reddotalerts.ca\/fr\/\"},{\"@type\":\"ListItem\",\"position\":2,\"name\":\"Conseils et outils\"}]},{\"@type\":\"WebSite\",\"@id\":\"https:\/\/reddotalerts.ca\/fr\/#website\",\"url\":\"https:\/\/reddotalerts.ca\/fr\/\",\"name\":\"Red Dot Personal Alert Solutions\",\"description\":\"Red Dot knows how important it is to keep your loved ones safe.\",\"publisher\":{\"@id\":\"https:\/\/reddotalerts.ca\/fr\/#organization\"},\"potentialAction\":[{\"@type\":\"SearchAction\",\"target\":{\"@type\":\"EntryPoint\",\"urlTemplate\":\"https:\/\/reddotalerts.ca\/fr\/?s={search_term_string}\"},\"query-input\":{\"@type\":\"PropertyValueSpecification\",\"valueRequired\":true,\"valueName\":\"search_term_string\"}}],\"inLanguage\":\"fr-FR\"},{\"@type\":\"Organization\",\"@id\":\"https:\/\/reddotalerts.ca\/fr\/#organization\",\"name\":\"Red Dot Personal Alert Solutions\",\"url\":\"https:\/\/reddotalerts.ca\/fr\/\",\"logo\":{\"@type\":\"ImageObject\",\"inLanguage\":\"fr-FR\",\"@id\":\"https:\/\/reddotalerts.ca\/fr\/#\/schema\/logo\/image\/\",\"url\":\"\",\"contentUrl\":\"\",\"caption\":\"Red Dot Personal Alert Solutions\"},\"image\":{\"@id\":\"https:\/\/reddotalerts.ca\/fr\/#\/schema\/logo\/image\/\"},\"sameAs\":[\"https:\/\/ca.linkedin.com\/company\/red-dot-alerts\"]}]}<\/script>\n<!-- \/ Yoast SEO plugin. -->","yoast_head_json":{"title":"Syst\u00e8me d'alerte personnel et services de s\u00e9curit\u00e9 mobile | Red Dot Alerts","description":"Red Dot Alerts propose des solutions d\u2019alerte personnelle de nouvelle g\u00e9n\u00e9ration qui assurent votre s\u00e9curit\u00e9 en tout temps, peu importe o\u00f9 vous vous trouvez.","robots":{"index":"index","follow":"follow","max-snippet":"max-snippet:-1","max-image-preview":"max-image-preview:large","max-video-preview":"max-video-preview:-1"},"canonical":"https:\/\/reddotalerts.ca\/fr\/conseils-et-outils\/","og_locale":"fr_FR","og_type":"article","og_title":"Syst\u00e8me d'alerte personnel et services de s\u00e9curit\u00e9 mobile | Red Dot Alerts","og_description":"Red Dot Alerts propose des solutions d\u2019alerte personnelle de nouvelle g\u00e9n\u00e9ration qui assurent votre s\u00e9curit\u00e9 en tout temps, peu importe o\u00f9 vous vous trouvez.","og_url":"https:\/\/reddotalerts.ca\/fr\/conseils-et-outils\/","og_site_name":"Red Dot Personal Alert Solutions","article_modified_time":"2021-12-15T14:17:30+00:00","og_image":[{"width":1920,"height":1271,"url":"https:\/\/reddotalerts.ca\/wp-content\/uploads\/2021\/10\/RedDot_heroimage-home.jpg","type":"image\/jpeg"}],"twitter_card":"summary_large_image","twitter_misc":{"Dur\u00e9e de lecture estim\u00e9e":"5 minutes"},"schema":{"@context":"https:\/\/schema.org","@graph":[{"@type":"WebPage","@id":"https:\/\/reddotalerts.ca\/fr\/conseils-et-outils\/","url":"https:\/\/reddotalerts.ca\/fr\/conseils-et-outils\/","name":"Syst\u00e8me d'alerte personnel et services de s\u00e9curit\u00e9 mobile | Red Dot Alerts","isPartOf":{"@id":"https:\/\/reddotalerts.ca\/fr\/#website"},"datePublished":"2021-11-22T18:44:18+00:00","dateModified":"2021-12-15T14:17:30+00:00","description":"Red Dot Alerts propose des solutions d\u2019alerte personnelle de nouvelle g\u00e9n\u00e9ration qui assurent votre s\u00e9curit\u00e9 en tout temps, peu importe o\u00f9 vous vous trouvez.","breadcrumb":{"@id":"https:\/\/reddotalerts.ca\/fr\/conseils-et-outils\/#breadcrumb"},"inLanguage":"fr-FR","potentialAction":[{"@type":"ReadAction","target":["https:\/\/reddotalerts.ca\/fr\/conseils-et-outils\/"]}]},{"@type":"BreadcrumbList","@id":"https:\/\/reddotalerts.ca\/fr\/conseils-et-outils\/#breadcrumb","itemListElement":[{"@type":"ListItem","position":1,"name":"Home","item":"https:\/\/reddotalerts.ca\/fr\/"},{"@type":"ListItem","position":2,"name":"Conseils et outils"}]},{"@type":"WebSite","@id":"https:\/\/reddotalerts.ca\/fr\/#website","url":"https:\/\/reddotalerts.ca\/fr\/","name":"Red Dot Personal Alert Solutions","description":"Red Dot knows how important it is to keep your loved ones safe.","publisher":{"@id":"https:\/\/reddotalerts.ca\/fr\/#organization"},"potentialAction":[{"@type":"SearchAction","target":{"@type":"EntryPoint","urlTemplate":"https:\/\/reddotalerts.ca\/fr\/?s={search_term_string}"},"query-input":{"@type":"PropertyValueSpecification","valueRequired":true,"valueName":"search_term_string"}}],"inLanguage":"fr-FR"},{"@type":"Organization","@id":"https:\/\/reddotalerts.ca\/fr\/#organization","name":"Red Dot Personal Alert Solutions","url":"https:\/\/reddotalerts.ca\/fr\/","logo":{"@type":"ImageObject","inLanguage":"fr-FR","@id":"https:\/\/reddotalerts.ca\/fr\/#\/schema\/logo\/image\/","url":"","contentUrl":"","caption":"Red Dot Personal Alert Solutions"},"image":{"@id":"https:\/\/reddotalerts.ca\/fr\/#\/schema\/logo\/image\/"},"sameAs":["https:\/\/ca.linkedin.com\/company\/red-dot-alerts"]}]}},"_links":{"self":[{"href":"https:\/\/reddotalerts.ca\/fr\/wp-json\/wp\/v2\/pages\/6835","targetHints":{"allow":["GET"]}}],"collection":[{"href":"https:\/\/reddotalerts.ca\/fr\/wp-json\/wp\/v2\/pages"}],"about":[{"href":"https:\/\/reddotalerts.ca\/fr\/wp-json\/wp\/v2\/types\/page"}],"author":[{"embeddable":true,"href":"https:\/\/reddotalerts.ca\/fr\/wp-json\/wp\/v2\/users\/9"}],"replies":[{"embeddable":true,"href":"https:\/\/reddotalerts.ca\/fr\/wp-json\/wp\/v2\/comments?post=6835"}],"version-history":[{"count":2,"href":"https:\/\/reddotalerts.ca\/fr\/wp-json\/wp\/v2\/pages\/6835\/revisions"}],"predecessor-version":[{"id":8114,"href":"https:\/\/reddotalerts.ca\/fr\/wp-json\/wp\/v2\/pages\/6835\/revisions\/8114"}],"wp:attachment":[{"href":"https:\/\/reddotalerts.ca\/fr\/wp-json\/wp\/v2\/media?parent=6835"}],"curies":[{"name":"wp","href":"https:\/\/api.w.org\/{rel}","templated":true}]}}