{"id":6979,"date":"2021-11-22T19:26:47","date_gmt":"2021-11-23T00:26:47","guid":{"rendered":"https:\/\/reddotalerts.ca\/nouvelles-et-media\/"},"modified":"2021-12-15T09:36:48","modified_gmt":"2021-12-15T14:36:48","slug":"nouvelles-et-media","status":"publish","type":"page","link":"https:\/\/reddotalerts.ca\/fr\/nouvelles-et-media\/","title":{"rendered":"Nouvelles et M\u00e9dia"},"content":{"rendered":"<p>[et_pb_section fb_built=\u00a0\u00bb1&Prime; fullwidth=\u00a0\u00bbon\u00a0\u00bb _builder_version=\u00a0\u00bb4.11.4&Prime; _module_preset=\u00a0\u00bbdefault\u00a0\u00bb global_colors_info=\u00a0\u00bb{}\u00a0\u00bb][et_pb_fullwidth_header title=\u00a0\u00bbNouvelles et m\u00e9dia\u00a0\u00bb text_orientation=\u00a0\u00bbcenter\u00a0\u00bb background_overlay_color=\u00a0\u00bbRGBA(0,0,0,0)\u00a0\u00bb _builder_version=\u00a0\u00bb4.12.1&Prime; _module_preset=\u00a0\u00bbdefault\u00a0\u00bb title_font_size=\u00a0\u00bb3vw\u00a0\u00bb content_font_size=\u00a0\u00bb1vw\u00a0\u00bb subhead_text_align=\u00a0\u00bbcenter\u00a0\u00bb subhead_font_size=\u00a0\u00bb2vw\u00a0\u00bb subhead_line_height=\u00a0\u00bb1.4em\u00a0\u00bb background_image=\u00a0\u00bbhttps:\/\/reddotalerts.ca\/wp-content\/uploads\/2021\/11\/RedDot_heroimage-media_news.jpg\u00a0\u00bb background_position=\u00a0\u00bbtop_left\u00a0\u00bb module_alignment=\u00a0\u00bbcenter\u00a0\u00bb animation_style=\u00a0\u00bbfade\u00a0\u00bb animation_direction=\u00a0\u00bbtop\u00a0\u00bb title_font_size_tablet=\u00a0\u00bb3.5vw\u00a0\u00bb title_font_size_phone=\u00a0\u00bb3.2vw\u00a0\u00bb title_font_size_last_edited=\u00a0\u00bbon|phone\u00a0\u00bb content_font_size_tablet=\u00a0\u00bb2vw\u00a0\u00bb content_font_size_phone=\u00a0\u00bb2vw\u00a0\u00bb content_font_size_last_edited=\u00a0\u00bbon|phone\u00a0\u00bb subhead_font_size_tablet=\u00a0\u00bb2vw\u00a0\u00bb subhead_font_size_phone=\u00a0\u00bb2vw\u00a0\u00bb subhead_font_size_last_edited=\u00a0\u00bbon|tablet\u00a0\u00bb subhead_line_height_tablet=\u00a0\u00bb1.2em\u00a0\u00bb subhead_line_height_phone=\u00a0\u00bb1.4em\u00a0\u00bb subhead_line_height_last_edited=\u00a0\u00bbon|phone\u00a0\u00bb background_last_edited=\u00a0\u00bbon|phone\u00a0\u00bb background_position_tablet=\u00a0\u00bbcenter_left\u00a0\u00bb background_position_phone=\u00a0\u00bbcenter_left\u00a0\u00bb custom_css_header_container=\u00a0\u00bbbackground-color:#ea0029;||width:28vw;||height:28vw;||margin-top:2vw;||margin-bottom:2vw;||border-radius:100%;||margin-left:10vw;\u00a0\u00bb global_colors_info=\u00a0\u00bb{}\u00a0\u00bb custom_css_header_container_last_edited=\u00a0\u00bbon|desktop\u00a0\u00bb custom_css_header_container_phone=\u00a0\u00bbbackground-color:#ea0029;||width:30vw;||height:30vw;||border-radius:100%;||margin-left:6vw;\u00a0\u00bb custom_css_header_container_tablet=\u00a0\u00bbbackground-color:#ea0029;||width:30vw;||height:30vw;||border-radius:100%;||margin-left:12vw;\u00a0\u00bb][\/et_pb_fullwidth_header][\/et_pb_section][et_pb_section fb_built=\u00a0\u00bb1&Prime; _builder_version=\u00a0\u00bb4.12.1&Prime; _module_preset=\u00a0\u00bbdefault\u00a0\u00bb global_colors_info=\u00a0\u00bb{}\u00a0\u00bb][et_pb_row _builder_version=\u00a0\u00bb4.12.1&Prime; _module_preset=\u00a0\u00bbdefault\u00a0\u00bb global_colors_info=\u00a0\u00bb{}\u00a0\u00bb][et_pb_column type=\u00a0\u00bb4_4&Prime; _builder_version=\u00a0\u00bb4.12.1&Prime; _module_preset=\u00a0\u00bbdefault\u00a0\u00bb global_colors_info=\u00a0\u00bb{}\u00a0\u00bb][et_pb_text _builder_version=\u00a0\u00bb4.13.1&Prime; _module_preset=\u00a0\u00bbdefault\u00a0\u00bb text_font_size=\u00a0\u00bb28px\u00a0\u00bb text_line_height=\u00a0\u00bb36px\u00a0\u00bb header_font_size=\u00a0\u00bb54px\u00a0\u00bb header_line_height=\u00a0\u00bb1.2em\u00a0\u00bb global_colors_info=\u00a0\u00bb{}\u00a0\u00bb]<\/p>\n<h1 class=\"et_pb_module_header et-fb-editable-element et-fb-editable-element__editing\" data-shortcode-id=\"0.0-1635965264461\" data-quickaccess-id=\"title\" contenteditable=\"true\">Red Dot Alerts dans les m\u00e9dias<\/h1>\n<p>Suivez notre page de nouvelles pour \u00eatre au courant de ce qui se passe chez Red Dot Alerts. Les m\u00e9dias peuvent nous joindre \u00e0 <a href=\"mailto:info@reddotalerts.ca\">info@reddotalerts.ca<\/a> .<\/p>\n<p>[\/et_pb_text][\/et_pb_column][\/et_pb_row][et_pb_row column_structure=\u00a0\u00bb1_4,3_4&Prime; make_equal=\u00a0\u00bbon\u00a0\u00bb _builder_version=\u00a0\u00bb4.12.1&Prime; _module_preset=\u00a0\u00bbdefault\u00a0\u00bb border_color_all=\u00a0\u00bbRGBA(0,0,0,0)\u00a0\u00bb global_colors_info=\u00a0\u00bb{}\u00a0\u00bb][et_pb_column type=\u00a0\u00bb1_4&Prime; _builder_version=\u00a0\u00bb4.12.1&Prime; _module_preset=\u00a0\u00bbdefault\u00a0\u00bb global_colors_info=\u00a0\u00bb{}\u00a0\u00bb][et_pb_image src=\u00a0\u00bbhttps:\/\/reddotalerts.ca\/wp-content\/uploads\/2021\/11\/RedDot-news_televisionappearances.jpg\u00a0\u00bb title_text=\u00a0\u00bbRedDot-news_televisionappearances\u00a0\u00bb _builder_version=\u00a0\u00bb4.12.1&Prime; _module_preset=\u00a0\u00bbdefault\u00a0\u00bb global_colors_info=\u00a0\u00bb{}\u00a0\u00bb][\/et_pb_image][\/et_pb_column][et_pb_column type=\u00a0\u00bb3_4&Prime; _builder_version=\u00a0\u00bb4.12.1&Prime; _module_preset=\u00a0\u00bbdefault\u00a0\u00bb custom_css_main_element=\u00a0\u00bbmargin:auto;\u00a0\u00bb global_colors_info=\u00a0\u00bb{}\u00a0\u00bb][et_pb_text _builder_version=\u00a0\u00bb4.12.1&Prime; _module_preset=\u00a0\u00bbdefault\u00a0\u00bb global_colors_info=\u00a0\u00bb{}\u00a0\u00bb]<\/p>\n<h3>Entrevue en anglais \u00e0 la t\u00e9l\u00e9vision<\/h3>\n<p>Steve Burton, de Red Dot Alerts, explique notre partenariat avec le Service Secours Bruy\u00e8re. Il pr\u00e9sente les semelles <strong>GPS SmartSoles\u2122<\/strong>, qui gr\u00e2ce \u00e0 une technologie de g\u00e9orep\u00e9rage, aident les personnes atteintes d\u2019une maladie chronique et les a\u00een\u00e9s \u00e0 rester actifs de fa\u00e7on s\u00e9curitaire et \u00e0 maintenir leur autonomie. Ces semelles favorisent la tranquillit\u00e9 d\u2019esprit des familles, des proches et des aidants. <\/p>\n<p>[\/et_pb_text][et_pb_divider _builder_version=\u00a0\u00bb4.12.1&Prime; _module_preset=\u00a0\u00bbdefault\u00a0\u00bb custom_margin=\u00a0\u00bb||20px||false|false\u00a0\u00bb custom_padding=\u00a0\u00bb||||false|false\u00a0\u00bb global_colors_info=\u00a0\u00bb{}\u00a0\u00bb][\/et_pb_divider][et_pb_blog include_categories=\u00a0\u00bb23&Prime; show_thumbnail=\u00a0\u00bboff\u00a0\u00bb use_manual_excerpt=\u00a0\u00bboff\u00a0\u00bb excerpt_length=\u00a0\u00bb0&Prime; show_author=\u00a0\u00bboff\u00a0\u00bb show_date=\u00a0\u00bboff\u00a0\u00bb show_categories=\u00a0\u00bboff\u00a0\u00bb show_excerpt=\u00a0\u00bboff\u00a0\u00bb show_pagination=\u00a0\u00bboff\u00a0\u00bb module_class=\u00a0\u00bbnews_listformat\u00a0\u00bb _builder_version=\u00a0\u00bb4.13.0&Prime; _module_preset=\u00a0\u00bbdefault\u00a0\u00bb header_level=\u00a0\u00bbh6&Prime; header_font=\u00a0\u00bbMontserrat|500|||||||\u00a0\u00bb header_text_align=\u00a0\u00bbleft\u00a0\u00bb header_font_size=\u00a0\u00bb18px\u00a0\u00bb text_orientation=\u00a0\u00bbleft\u00a0\u00bb module_alignment=\u00a0\u00bbleft\u00a0\u00bb custom_margin=\u00a0\u00bb||0px||false|false\u00a0\u00bb custom_padding=\u00a0\u00bb||0px||false|false\u00a0\u00bb global_colors_info=\u00a0\u00bb{}\u00a0\u00bb][\/et_pb_blog][\/et_pb_column][\/et_pb_row][et_pb_row column_structure=\u00a0\u00bb1_4,3_4&Prime; make_equal=\u00a0\u00bbon\u00a0\u00bb _builder_version=\u00a0\u00bb4.12.1&Prime; _module_preset=\u00a0\u00bbdefault\u00a0\u00bb border_color_all=\u00a0\u00bbRGBA(0,0,0,0)\u00a0\u00bb global_colors_info=\u00a0\u00bb{}\u00a0\u00bb][et_pb_column type=\u00a0\u00bb1_4&Prime; _builder_version=\u00a0\u00bb4.12.1&Prime; _module_preset=\u00a0\u00bbdefault\u00a0\u00bb global_colors_info=\u00a0\u00bb{}\u00a0\u00bb][et_pb_image src=\u00a0\u00bbhttps:\/\/reddotalerts.ca\/wp-content\/uploads\/2021\/11\/RedDot-news_radiointerviews.jpg\u00a0\u00bb title_text=\u00a0\u00bbRedDot-news_radiointerviews\u00a0\u00bb _builder_version=\u00a0\u00bb4.12.1&Prime; _module_preset=\u00a0\u00bbdefault\u00a0\u00bb global_colors_info=\u00a0\u00bb{}\u00a0\u00bb][\/et_pb_image][\/et_pb_column][et_pb_column type=\u00a0\u00bb3_4&Prime; _builder_version=\u00a0\u00bb4.12.1&Prime; _module_preset=\u00a0\u00bbdefault\u00a0\u00bb custom_css_main_element=\u00a0\u00bbmargin:auto;\u00a0\u00bb global_colors_info=\u00a0\u00bb{}\u00a0\u00bb][et_pb_text _builder_version=\u00a0\u00bb4.12.1&Prime; _module_preset=\u00a0\u00bbdefault\u00a0\u00bb global_colors_info=\u00a0\u00bb{}\u00a0\u00bb]<\/p>\n<h3>Entrevues en anglais \u00e0 la radio<\/h3>\n<p>\u00c9coutez Steve Burton, membre de l\u2019\u00e9quipe de Red Dot Alerts, parler de nos solutions d\u2019alerte personnelle qui fonctionnent depuis la maison et partout sur le territoire canadien o\u00f9 il y a un r\u00e9seau cellulaire.<\/p>\n<p>[\/et_pb_text][et_pb_divider _builder_version=\u00a0\u00bb4.12.1&Prime; _module_preset=\u00a0\u00bbdefault\u00a0\u00bb custom_margin=\u00a0\u00bb||20px||false|false\u00a0\u00bb custom_padding=\u00a0\u00bb||||false|false\u00a0\u00bb global_colors_info=\u00a0\u00bb{}\u00a0\u00bb][\/et_pb_divider][et_pb_blog include_categories=\u00a0\u00bb21&Prime; show_thumbnail=\u00a0\u00bboff\u00a0\u00bb use_manual_excerpt=\u00a0\u00bboff\u00a0\u00bb excerpt_length=\u00a0\u00bb0&Prime; show_author=\u00a0\u00bboff\u00a0\u00bb show_date=\u00a0\u00bboff\u00a0\u00bb show_categories=\u00a0\u00bboff\u00a0\u00bb show_excerpt=\u00a0\u00bboff\u00a0\u00bb show_pagination=\u00a0\u00bboff\u00a0\u00bb module_class=\u00a0\u00bbnews_listformat\u00a0\u00bb _builder_version=\u00a0\u00bb4.13.0&Prime; _module_preset=\u00a0\u00bbdefault\u00a0\u00bb header_level=\u00a0\u00bbh6&Prime; header_font=\u00a0\u00bbMontserrat|500|||||||\u00a0\u00bb header_text_align=\u00a0\u00bbleft\u00a0\u00bb header_font_size=\u00a0\u00bb18px\u00a0\u00bb text_orientation=\u00a0\u00bbleft\u00a0\u00bb module_alignment=\u00a0\u00bbleft\u00a0\u00bb custom_margin=\u00a0\u00bb||0px||false|false\u00a0\u00bb custom_padding=\u00a0\u00bb||0px||false|false\u00a0\u00bb global_colors_info=\u00a0\u00bb{}\u00a0\u00bb][\/et_pb_blog][\/et_pb_column][\/et_pb_row][et_pb_row column_structure=\u00a0\u00bb1_4,3_4&Prime; make_equal=\u00a0\u00bbon\u00a0\u00bb _builder_version=\u00a0\u00bb4.12.1&Prime; _module_preset=\u00a0\u00bbdefault\u00a0\u00bb custom_padding=\u00a0\u00bb||75px|||\u00a0\u00bb border_color_all=\u00a0\u00bbRGBA(0,0,0,0)\u00a0\u00bb global_colors_info=\u00a0\u00bb{}\u00a0\u00bb][et_pb_column type=\u00a0\u00bb1_4&Prime; _builder_version=\u00a0\u00bb4.12.1&Prime; _module_preset=\u00a0\u00bbdefault\u00a0\u00bb global_colors_info=\u00a0\u00bb{}\u00a0\u00bb][et_pb_image src=\u00a0\u00bbhttps:\/\/reddotalerts.ca\/wp-content\/uploads\/2021\/11\/RedDot-news_newsreleases.jpg\u00a0\u00bb title_text=\u00a0\u00bbRedDot-news_newsreleases\u00a0\u00bb _builder_version=\u00a0\u00bb4.12.1&Prime; _module_preset=\u00a0\u00bbdefault\u00a0\u00bb global_colors_info=\u00a0\u00bb{}\u00a0\u00bb][\/et_pb_image][\/et_pb_column][et_pb_column type=\u00a0\u00bb3_4&Prime; _builder_version=\u00a0\u00bb4.12.1&Prime; _module_preset=\u00a0\u00bbdefault\u00a0\u00bb custom_css_main_element=\u00a0\u00bbmargin:auto;\u00a0\u00bb global_colors_info=\u00a0\u00bb{}\u00a0\u00bb][et_pb_text _builder_version=\u00a0\u00bb4.12.1&Prime; _module_preset=\u00a0\u00bbdefault\u00a0\u00bb global_colors_info=\u00a0\u00bb{}\u00a0\u00bb]<\/p>\n<h3>Communiqu\u00e9s de presse en anglais<\/h3>\n<p>Prenez connaissance des nouveaut\u00e9s int\u00e9ressantes et des derni\u00e8res informations de Red Dot Alerts.<\/p>\n<p>[\/et_pb_text][et_pb_divider _builder_version=\u00a0\u00bb4.12.1&Prime; _module_preset=\u00a0\u00bbdefault\u00a0\u00bb custom_margin=\u00a0\u00bb||24px|||\u00a0\u00bb global_colors_info=\u00a0\u00bb{}\u00a0\u00bb][\/et_pb_divider][et_pb_blog include_categories=\u00a0\u00bb20&Prime; show_thumbnail=\u00a0\u00bboff\u00a0\u00bb excerpt_length=\u00a0\u00bb0&Prime; show_author=\u00a0\u00bboff\u00a0\u00bb show_date=\u00a0\u00bboff\u00a0\u00bb show_categories=\u00a0\u00bboff\u00a0\u00bb show_excerpt=\u00a0\u00bboff\u00a0\u00bb show_pagination=\u00a0\u00bboff\u00a0\u00bb module_class=\u00a0\u00bbnews_listformat\u00a0\u00bb _builder_version=\u00a0\u00bb4.13.1&Prime; _module_preset=\u00a0\u00bbdefault\u00a0\u00bb header_level=\u00a0\u00bbh6&Prime; header_font=\u00a0\u00bbMontserrat|500|||||||\u00a0\u00bb header_text_align=\u00a0\u00bbleft\u00a0\u00bb header_font_size=\u00a0\u00bb18px\u00a0\u00bb text_orientation=\u00a0\u00bbleft\u00a0\u00bb module_alignment=\u00a0\u00bbleft\u00a0\u00bb custom_margin=\u00a0\u00bb||0px||false|false\u00a0\u00bb custom_padding=\u00a0\u00bb||0px||false|false\u00a0\u00bb global_colors_info=\u00a0\u00bb{}\u00a0\u00bb][\/et_pb_blog][\/et_pb_column][\/et_pb_row][\/et_pb_section][et_pb_section fb_built=\u00a0\u00bb1&Prime; _builder_version=\u00a0\u00bb4.12.1&Prime; _module_preset=\u00a0\u00bbdefault\u00a0\u00bb background_color=\u00a0\u00bb#F5F5F5&Prime; custom_padding=\u00a0\u00bb11px|||||\u00a0\u00bb global_colors_info=\u00a0\u00bb{}\u00a0\u00bb global_module=\u00a0\u00bb6977&Prime; saved_tabs=\u00a0\u00bball\u00a0\u00bb][et_pb_row column_structure=\u00a0\u00bb1_3,1_3,1_3&Prime; admin_label=\u00a0\u00bbrow\u00a0\u00bb _builder_version=\u00a0\u00bb4.12.1&Prime; background_size=\u00a0\u00bbinitial\u00a0\u00bb background_position=\u00a0\u00bbtop_left\u00a0\u00bb background_repeat=\u00a0\u00bbrepeat\u00a0\u00bb custom_padding=\u00a0\u00bb72px|||||\u00a0\u00bb border_color_all=\u00a0\u00bbRGBA(0,0,0,0)\u00a0\u00bb border_color_top=\u00a0\u00bb#EA0029&Prime; global_colors_info=\u00a0\u00bb{}\u00a0\u00bb][et_pb_column type=\u00a0\u00bb1_3&Prime; _builder_version=\u00a0\u00bb4.12.1&Prime; _module_preset=\u00a0\u00bbdefault\u00a0\u00bb global_colors_info=\u00a0\u00bb{}\u00a0\u00bb][et_pb_blurb title=\u00a0\u00bbNos services\u00a0\u00bb image=\u00a0\u00bbhttps:\/\/reddotalerts.ca\/wp-content\/uploads\/2021\/11\/our-services_icon.svg\u00a0\u00bb image_icon_width=\u00a0\u00bb35%\u00a0\u00bb _builder_version=\u00a0\u00bb4.13.0&Prime; _module_preset=\u00a0\u00bbdefault\u00a0\u00bb header_level=\u00a0\u00bbh1&Prime; body_font=\u00a0\u00bb|700|||||||\u00a0\u00bb text_orientation=\u00a0\u00bbcenter\u00a0\u00bb module_alignment=\u00a0\u00bbcenter\u00a0\u00bb custom_margin=\u00a0\u00bb||||false|false\u00a0\u00bb custom_padding=\u00a0\u00bb||||false|false\u00a0\u00bb image_max_width=\u00a0\u00bb35%\u00a0\u00bb global_colors_info=\u00a0\u00bb{}\u00a0\u00bb]<\/p>\n<p>Nous concevons des solutions d\u2019alerte personnelle qui procurent une tranquillit\u00e9 d\u2019esprit \u00e0 nos clients et leurs proches partout au Canada o\u00f9 il y a un r\u00e9seau cellulaire.<\/p>\n<p>[\/et_pb_blurb][\/et_pb_column][et_pb_column type=\u00a0\u00bb1_3&Prime; _builder_version=\u00a0\u00bb3.25&Prime; custom_padding=\u00a0\u00bb|||\u00a0\u00bb global_colors_info=\u00a0\u00bb{}\u00a0\u00bb custom_padding__hover=\u00a0\u00bb|||\u00a0\u00bb][et_pb_blurb title=\u00a0\u00bbFonctionnement\u00a0\u00bb image=\u00a0\u00bbhttps:\/\/reddotalerts.ca\/wp-content\/uploads\/2021\/11\/how-it-works_icon.svg\u00a0\u00bb image_icon_width=\u00a0\u00bb35%\u00a0\u00bb _builder_version=\u00a0\u00bb4.13.0&Prime; _module_preset=\u00a0\u00bbdefault\u00a0\u00bb header_level=\u00a0\u00bbh1&Prime; body_font=\u00a0\u00bb|700|||||||\u00a0\u00bb text_orientation=\u00a0\u00bbcenter\u00a0\u00bb module_alignment=\u00a0\u00bbcenter\u00a0\u00bb custom_margin=\u00a0\u00bb||||false|false\u00a0\u00bb custom_padding=\u00a0\u00bb||||false|false\u00a0\u00bb image_max_width=\u00a0\u00bb35%\u00a0\u00bb global_colors_info=\u00a0\u00bb{}\u00a0\u00bb]<\/p>\n<p><strong>Our personal alert solutions are connected 24\/7 and 365 days a year, with access to bilingual help just a touch of a button away.<\/strong><\/p>\n<p>[\/et_pb_blurb][\/et_pb_column][et_pb_column type=\u00a0\u00bb1_3&Prime; _builder_version=\u00a0\u00bb3.25&Prime; custom_padding=\u00a0\u00bb|||\u00a0\u00bb global_colors_info=\u00a0\u00bb{}\u00a0\u00bb custom_padding__hover=\u00a0\u00bb|||\u00a0\u00bb][et_pb_blurb title=\u00a0\u00bbQui est notre client\u00e8le?\u00a0\u00bb image=\u00a0\u00bbhttps:\/\/reddotalerts.ca\/wp-content\/uploads\/2021\/11\/who-we-help_icon.svg\u00a0\u00bb image_icon_width=\u00a0\u00bb35%\u00a0\u00bb _builder_version=\u00a0\u00bb4.13.0&Prime; _module_preset=\u00a0\u00bbdefault\u00a0\u00bb header_level=\u00a0\u00bbh1&Prime; body_font=\u00a0\u00bb|700|||||||\u00a0\u00bb text_orientation=\u00a0\u00bbcenter\u00a0\u00bb module_alignment=\u00a0\u00bbcenter\u00a0\u00bb custom_margin=\u00a0\u00bb||||false|false\u00a0\u00bb custom_padding=\u00a0\u00bb||||false|false\u00a0\u00bb image_max_width=\u00a0\u00bb35%\u00a0\u00bb global_colors_info=\u00a0\u00bb{}\u00a0\u00bb]<\/p>\n<p><strong>Nous offrons une assistance \u00e0 des personnes de tout \u00e2ge qui ont besoin d\u2019un sentiment de s\u00e9curit\u00e9 suppl\u00e9mentaire pour maintenir leur autonomie.<\/strong><\/p>\n<p>[\/et_pb_blurb][\/et_pb_column][\/et_pb_row][\/et_pb_section]<\/p>\n","protected":false},"excerpt":{"rendered":"<p>Red Dot Alerts dans les m\u00e9dias Suivez notre page de nouvelles pour \u00eatre au courant de ce qui se passe chez Red Dot Alerts. Les m\u00e9dias peuvent nous joindre \u00e0 info@reddotalerts.ca .Entrevue en anglais \u00e0 la t\u00e9l\u00e9vision Steve Burton, de Red Dot Alerts, explique notre partenariat avec le Service Secours Bruy\u00e8re. Il pr\u00e9sente les semelles [&hellip;]<\/p>\n","protected":false},"author":9,"featured_media":0,"parent":0,"menu_order":0,"comment_status":"closed","ping_status":"closed","template":"","meta":{"_et_pb_use_builder":"on","_et_pb_old_content":"","_et_gb_content_width":"","om_disable_all_campaigns":false,"inline_featured_image":false,"_monsterinsights_skip_tracking":false,"_monsterinsights_sitenote_active":false,"_monsterinsights_sitenote_note":"","_monsterinsights_sitenote_category":0,"footnotes":"","_links_to":"","_links_to_target":""},"class_list":["post-6979","page","type-page","status-publish","hentry"],"aioseo_notices":[],"yoast_head":"<!-- This site is optimized with the Yoast SEO plugin v27.0 - https:\/\/yoast.com\/product\/yoast-seo-wordpress\/ -->\n<title>Nouvelles et M\u00e9dia - Red Dot Personal Alert Solutions<\/title>\n<meta name=\"description\" content=\"Restez au courant avec les nouvelles de Red Dot Alerts.\" \/>\n<meta name=\"robots\" content=\"index, follow, max-snippet:-1, max-image-preview:large, max-video-preview:-1\" \/>\n<link rel=\"canonical\" href=\"https:\/\/reddotalerts.ca\/fr\/nouvelles-et-media\/\" \/>\n<meta property=\"og:locale\" content=\"fr_FR\" \/>\n<meta property=\"og:type\" content=\"article\" \/>\n<meta property=\"og:title\" content=\"Nouvelles et M\u00e9dia - Red Dot Personal Alert Solutions\" \/>\n<meta property=\"og:description\" content=\"Restez au courant avec les nouvelles de Red Dot Alerts.\" \/>\n<meta property=\"og:url\" content=\"https:\/\/reddotalerts.ca\/fr\/nouvelles-et-media\/\" \/>\n<meta property=\"og:site_name\" content=\"Red Dot Personal Alert Solutions\" \/>\n<meta property=\"article:modified_time\" content=\"2021-12-15T14:36:48+00:00\" \/>\n<meta property=\"og:image\" content=\"https:\/\/reddotalerts.ca\/wp-content\/uploads\/2021\/10\/RedDot_heroimage-home.jpg\" \/>\n\t<meta property=\"og:image:width\" content=\"1920\" \/>\n\t<meta property=\"og:image:height\" content=\"1271\" \/>\n\t<meta property=\"og:image:type\" content=\"image\/jpeg\" \/>\n<meta name=\"twitter:card\" content=\"summary_large_image\" \/>\n<meta name=\"twitter:label1\" content=\"Dur\u00e9e de lecture estim\u00e9e\" \/>\n\t<meta name=\"twitter:data1\" content=\"7 minutes\" \/>\n<script type=\"application\/ld+json\" class=\"yoast-schema-graph\">{\"@context\":\"https:\/\/schema.org\",\"@graph\":[{\"@type\":\"WebPage\",\"@id\":\"https:\/\/reddotalerts.ca\/fr\/nouvelles-et-media\/\",\"url\":\"https:\/\/reddotalerts.ca\/fr\/nouvelles-et-media\/\",\"name\":\"Nouvelles et M\u00e9dia - Red Dot Personal Alert Solutions\",\"isPartOf\":{\"@id\":\"https:\/\/reddotalerts.ca\/fr\/#website\"},\"datePublished\":\"2021-11-23T00:26:47+00:00\",\"dateModified\":\"2021-12-15T14:36:48+00:00\",\"description\":\"Restez au courant avec les nouvelles de Red Dot Alerts.\",\"breadcrumb\":{\"@id\":\"https:\/\/reddotalerts.ca\/fr\/nouvelles-et-media\/#breadcrumb\"},\"inLanguage\":\"fr-FR\",\"potentialAction\":[{\"@type\":\"ReadAction\",\"target\":[\"https:\/\/reddotalerts.ca\/fr\/nouvelles-et-media\/\"]}]},{\"@type\":\"BreadcrumbList\",\"@id\":\"https:\/\/reddotalerts.ca\/fr\/nouvelles-et-media\/#breadcrumb\",\"itemListElement\":[{\"@type\":\"ListItem\",\"position\":1,\"name\":\"Home\",\"item\":\"https:\/\/reddotalerts.ca\/fr\/\"},{\"@type\":\"ListItem\",\"position\":2,\"name\":\"Nouvelles et M\u00e9dia\"}]},{\"@type\":\"WebSite\",\"@id\":\"https:\/\/reddotalerts.ca\/fr\/#website\",\"url\":\"https:\/\/reddotalerts.ca\/fr\/\",\"name\":\"Red Dot Personal Alert Solutions\",\"description\":\"Red Dot knows how important it is to keep your loved ones safe.\",\"publisher\":{\"@id\":\"https:\/\/reddotalerts.ca\/fr\/#organization\"},\"potentialAction\":[{\"@type\":\"SearchAction\",\"target\":{\"@type\":\"EntryPoint\",\"urlTemplate\":\"https:\/\/reddotalerts.ca\/fr\/?s={search_term_string}\"},\"query-input\":{\"@type\":\"PropertyValueSpecification\",\"valueRequired\":true,\"valueName\":\"search_term_string\"}}],\"inLanguage\":\"fr-FR\"},{\"@type\":\"Organization\",\"@id\":\"https:\/\/reddotalerts.ca\/fr\/#organization\",\"name\":\"Red Dot Personal Alert Solutions\",\"url\":\"https:\/\/reddotalerts.ca\/fr\/\",\"logo\":{\"@type\":\"ImageObject\",\"inLanguage\":\"fr-FR\",\"@id\":\"https:\/\/reddotalerts.ca\/fr\/#\/schema\/logo\/image\/\",\"url\":\"\",\"contentUrl\":\"\",\"caption\":\"Red Dot Personal Alert Solutions\"},\"image\":{\"@id\":\"https:\/\/reddotalerts.ca\/fr\/#\/schema\/logo\/image\/\"},\"sameAs\":[\"https:\/\/ca.linkedin.com\/company\/red-dot-alerts\"]}]}<\/script>\n<!-- \/ Yoast SEO plugin. -->","yoast_head_json":{"title":"Nouvelles et M\u00e9dia - Red Dot Personal Alert Solutions","description":"Restez au courant avec les nouvelles de Red Dot Alerts.","robots":{"index":"index","follow":"follow","max-snippet":"max-snippet:-1","max-image-preview":"max-image-preview:large","max-video-preview":"max-video-preview:-1"},"canonical":"https:\/\/reddotalerts.ca\/fr\/nouvelles-et-media\/","og_locale":"fr_FR","og_type":"article","og_title":"Nouvelles et M\u00e9dia - Red Dot Personal Alert Solutions","og_description":"Restez au courant avec les nouvelles de Red Dot Alerts.","og_url":"https:\/\/reddotalerts.ca\/fr\/nouvelles-et-media\/","og_site_name":"Red Dot Personal Alert Solutions","article_modified_time":"2021-12-15T14:36:48+00:00","og_image":[{"width":1920,"height":1271,"url":"https:\/\/reddotalerts.ca\/wp-content\/uploads\/2021\/10\/RedDot_heroimage-home.jpg","type":"image\/jpeg"}],"twitter_card":"summary_large_image","twitter_misc":{"Dur\u00e9e de lecture estim\u00e9e":"7 minutes"},"schema":{"@context":"https:\/\/schema.org","@graph":[{"@type":"WebPage","@id":"https:\/\/reddotalerts.ca\/fr\/nouvelles-et-media\/","url":"https:\/\/reddotalerts.ca\/fr\/nouvelles-et-media\/","name":"Nouvelles et M\u00e9dia - Red Dot Personal Alert Solutions","isPartOf":{"@id":"https:\/\/reddotalerts.ca\/fr\/#website"},"datePublished":"2021-11-23T00:26:47+00:00","dateModified":"2021-12-15T14:36:48+00:00","description":"Restez au courant avec les nouvelles de Red Dot Alerts.","breadcrumb":{"@id":"https:\/\/reddotalerts.ca\/fr\/nouvelles-et-media\/#breadcrumb"},"inLanguage":"fr-FR","potentialAction":[{"@type":"ReadAction","target":["https:\/\/reddotalerts.ca\/fr\/nouvelles-et-media\/"]}]},{"@type":"BreadcrumbList","@id":"https:\/\/reddotalerts.ca\/fr\/nouvelles-et-media\/#breadcrumb","itemListElement":[{"@type":"ListItem","position":1,"name":"Home","item":"https:\/\/reddotalerts.ca\/fr\/"},{"@type":"ListItem","position":2,"name":"Nouvelles et M\u00e9dia"}]},{"@type":"WebSite","@id":"https:\/\/reddotalerts.ca\/fr\/#website","url":"https:\/\/reddotalerts.ca\/fr\/","name":"Red Dot Personal Alert Solutions","description":"Red Dot knows how important it is to keep your loved ones safe.","publisher":{"@id":"https:\/\/reddotalerts.ca\/fr\/#organization"},"potentialAction":[{"@type":"SearchAction","target":{"@type":"EntryPoint","urlTemplate":"https:\/\/reddotalerts.ca\/fr\/?s={search_term_string}"},"query-input":{"@type":"PropertyValueSpecification","valueRequired":true,"valueName":"search_term_string"}}],"inLanguage":"fr-FR"},{"@type":"Organization","@id":"https:\/\/reddotalerts.ca\/fr\/#organization","name":"Red Dot Personal Alert Solutions","url":"https:\/\/reddotalerts.ca\/fr\/","logo":{"@type":"ImageObject","inLanguage":"fr-FR","@id":"https:\/\/reddotalerts.ca\/fr\/#\/schema\/logo\/image\/","url":"","contentUrl":"","caption":"Red Dot Personal Alert Solutions"},"image":{"@id":"https:\/\/reddotalerts.ca\/fr\/#\/schema\/logo\/image\/"},"sameAs":["https:\/\/ca.linkedin.com\/company\/red-dot-alerts"]}]}},"_links":{"self":[{"href":"https:\/\/reddotalerts.ca\/fr\/wp-json\/wp\/v2\/pages\/6979","targetHints":{"allow":["GET"]}}],"collection":[{"href":"https:\/\/reddotalerts.ca\/fr\/wp-json\/wp\/v2\/pages"}],"about":[{"href":"https:\/\/reddotalerts.ca\/fr\/wp-json\/wp\/v2\/types\/page"}],"author":[{"embeddable":true,"href":"https:\/\/reddotalerts.ca\/fr\/wp-json\/wp\/v2\/users\/9"}],"replies":[{"embeddable":true,"href":"https:\/\/reddotalerts.ca\/fr\/wp-json\/wp\/v2\/comments?post=6979"}],"version-history":[{"count":9,"href":"https:\/\/reddotalerts.ca\/fr\/wp-json\/wp\/v2\/pages\/6979\/revisions"}],"predecessor-version":[{"id":8150,"href":"https:\/\/reddotalerts.ca\/fr\/wp-json\/wp\/v2\/pages\/6979\/revisions\/8150"}],"wp:attachment":[{"href":"https:\/\/reddotalerts.ca\/fr\/wp-json\/wp\/v2\/media?parent=6979"}],"curies":[{"name":"wp","href":"https:\/\/api.w.org\/{rel}","templated":true}]}}