{"id":7126,"date":"2021-11-25T11:53:10","date_gmt":"2021-11-25T16:53:10","guid":{"rendered":"https:\/\/reddotalerts.ca\/adressez-nous-un-ami\/"},"modified":"2023-11-09T14:37:47","modified_gmt":"2023-11-09T19:37:47","slug":"adressez-nous-un-ami","status":"publish","type":"page","link":"https:\/\/reddotalerts.ca\/fr\/adressez-nous-un-ami\/","title":{"rendered":"Adressez-nous un ami"},"content":{"rendered":"<p>[et_pb_section fb_built=\u00a0\u00bb1&Prime; admin_label=\u00a0\u00bbsection\u00a0\u00bb _builder_version=\u00a0\u00bb4.16&Prime; custom_padding=\u00a0\u00bb||8px|||\u00a0\u00bb global_colors_info=\u00a0\u00bb{}\u00a0\u00bb][et_pb_row column_structure=\u00a0\u00bb3_5,2_5&Prime; admin_label=\u00a0\u00bbrow\u00a0\u00bb _builder_version=\u00a0\u00bb4.16&Prime; background_size=\u00a0\u00bbinitial\u00a0\u00bb background_position=\u00a0\u00bbtop_left\u00a0\u00bb background_repeat=\u00a0\u00bbrepeat\u00a0\u00bb custom_padding=\u00a0\u00bb||50px|||\u00a0\u00bb global_colors_info=\u00a0\u00bb{}\u00a0\u00bb][et_pb_column type=\u00a0\u00bb3_5&Prime; _builder_version=\u00a0\u00bb4.16&Prime; custom_padding=\u00a0\u00bb|||\u00a0\u00bb global_colors_info=\u00a0\u00bb{}\u00a0\u00bb custom_padding__hover=\u00a0\u00bb|||\u00a0\u00bb][et_pb_text admin_label=\u00a0\u00bbText\u00a0\u00bb _builder_version=\u00a0\u00bb4.23&Prime; header_3_line_height=\u00a0\u00bb0.6em\u00a0\u00bb background_size=\u00a0\u00bbinitial\u00a0\u00bb background_position=\u00a0\u00bbtop_left\u00a0\u00bb background_repeat=\u00a0\u00bbrepeat\u00a0\u00bb hover_enabled=\u00a0\u00bb0&Prime; global_colors_info=\u00a0\u00bb{}\u00a0\u00bb sticky_enabled=\u00a0\u00bb0&Prime;]<\/p>\n<h3>Obtenez<\/h3>\n<h1>un abonnement GRATUIT!<\/h1>\n<p><strong>Pour chaque ami que vous nous adressez et qui s\u2019abonne \u00e0 nos solutions, vous profiterez d\u2019un mois d\u2019abonnement GRATUIT.\u00a0 Pour nous recommander un ami, il suffit de nous appeler ou de nous \u00e9crire.<\/strong><\/p>\n<p>[\/et_pb_text][et_pb_text _builder_version=\u00a0\u00bb4.23&Prime; _module_preset=\u00a0\u00bbdefault\u00a0\u00bb custom_padding=\u00a0\u00bb40px||||false|false\u00a0\u00bb border_width_top=\u00a0\u00bb1px\u00a0\u00bb border_color_top=\u00a0\u00bb#EA0029&Prime; global_colors_info=\u00a0\u00bb{}\u00a0\u00bb]<\/p>\n<p>La soci\u00e9t\u00e9 Red Dot Alerts est fi\u00e8rement d\u00e9tenue et exploit\u00e9e \u00e0 part enti\u00e8re par des int\u00e9r\u00eats canadiens. Nous comptons 30 ans d\u2019exp\u00e9rience dans le domaine de la t\u00e9l\u00e9assistance. Nos centres d\u2019appels sont situ\u00e9s au Canada et tous nos op\u00e9rateurs sont bilingues. Nos centres d&rsquo;assistance sont situ\u00e9s au Canada, et tous nos op\u00e9rateurs sont certifi\u00e9s et bilingues.<\/p>\n<p>Pour nous, la t\u00e9l\u00e9assistance n\u2019est pas qu\u2019un service parmi d\u2019autres. Elle est notre seul et unique service!<\/p>\n<p>[\/et_pb_text][\/et_pb_column][et_pb_column type=\u00a0\u00bb2_5&Prime; _builder_version=\u00a0\u00bb4.16&Prime; custom_padding=\u00a0\u00bb|||\u00a0\u00bb global_colors_info=\u00a0\u00bb{}\u00a0\u00bb custom_padding__hover=\u00a0\u00bb|||\u00a0\u00bb][et_pb_image src=\u00a0\u00bbhttps:\/\/reddotalerts.ca\/wp-content\/uploads\/2021\/11\/refer-a-friend.png\u00a0\u00bb title_text=\u00a0\u00bbrefer-a-friend\u00a0\u00bb _builder_version=\u00a0\u00bb4.16&Prime; _module_preset=\u00a0\u00bbdefault\u00a0\u00bb animation_style=\u00a0\u00bbfade\u00a0\u00bb global_colors_info=\u00a0\u00bb{}\u00a0\u00bb][\/et_pb_image][et_pb_text _builder_version=\u00a0\u00bb4.16&Prime; _module_preset=\u00a0\u00bbdefault\u00a0\u00bb text_orientation=\u00a0\u00bbcenter\u00a0\u00bb module_alignment=\u00a0\u00bbcenter\u00a0\u00bb global_colors_info=\u00a0\u00bb{}\u00a0\u00bb]<\/p>\n<h1>Appelez-nous quand vous voulez : <br \/>1-888-557-2019<\/h1>\n<p>[\/et_pb_text][\/et_pb_column][\/et_pb_row][et_pb_row _builder_version=\u00a0\u00bb4.16&Prime; _module_preset=\u00a0\u00bbdefault\u00a0\u00bb custom_padding=\u00a0\u00bb50px||44px|||\u00a0\u00bb border_width_top=\u00a0\u00bb1px\u00a0\u00bb border_color_top=\u00a0\u00bb#EA0029&Prime; global_colors_info=\u00a0\u00bb{}\u00a0\u00bb][et_pb_column type=\u00a0\u00bb4_4&Prime; _builder_version=\u00a0\u00bb4.16&Prime; _module_preset=\u00a0\u00bbdefault\u00a0\u00bb global_colors_info=\u00a0\u00bb{}\u00a0\u00bb][et_pb_text _builder_version=\u00a0\u00bb4.16&Prime; _module_preset=\u00a0\u00bbdefault\u00a0\u00bb global_colors_info=\u00a0\u00bb{}\u00a0\u00bb]<\/p>\n<p><strong>Vous pouvez aussi nous adresser un ami en utilisant le formulaire ci-dessous. Nous vous enverrons ensuite un courriel contenant un code unique confirmant la demande de votre ami.<\/strong><\/p>\n<p>[\/et_pb_text][et_pb_contact_form use_spam_service=\u00a0\u00bbon\u00a0\u00bb recaptcha_list=\u00a0\u00bbRedDotAlerts|RedDotAlerts-0&Prime; email=\u00a0\u00bbinfo@reddotalerts.ca\u00a0\u00bb success_message=\u00a0\u00bbMerci! \u00a0\u00bb _builder_version=\u00a0\u00bb4.23&Prime; _module_preset=\u00a0\u00bbdefault\u00a0\u00bb _unique_id=\u00a0\u00bb769df9ae-4860-45c6-935f-3b37a6163fc2&Prime; custom_button=\u00a0\u00bbon\u00a0\u00bb button_use_icon=\u00a0\u00bboff\u00a0\u00bb button_custom_padding=\u00a0\u00bb10px|40px|10px|40px|false|false\u00a0\u00bb global_colors_info=\u00a0\u00bb{}\u00a0\u00bb][et_pb_contact_field field_id=\u00a0\u00bbYour_Name\u00a0\u00bb field_title=\u00a0\u00bbVotre nom\u00a0\u00bb _builder_version=\u00a0\u00bb4.16&Prime; global_colors_info=\u00a0\u00bb{}\u00a0\u00bb button_text_size__hover_enabled=\u00a0\u00bboff\u00a0\u00bb button_one_text_size__hover_enabled=\u00a0\u00bboff\u00a0\u00bb button_two_text_size__hover_enabled=\u00a0\u00bboff\u00a0\u00bb button_text_color__hover_enabled=\u00a0\u00bboff\u00a0\u00bb button_one_text_color__hover_enabled=\u00a0\u00bboff\u00a0\u00bb button_two_text_color__hover_enabled=\u00a0\u00bboff\u00a0\u00bb button_border_width__hover_enabled=\u00a0\u00bboff\u00a0\u00bb button_one_border_width__hover_enabled=\u00a0\u00bboff\u00a0\u00bb button_two_border_width__hover_enabled=\u00a0\u00bboff\u00a0\u00bb button_border_color__hover_enabled=\u00a0\u00bboff\u00a0\u00bb button_one_border_color__hover_enabled=\u00a0\u00bboff\u00a0\u00bb button_two_border_color__hover_enabled=\u00a0\u00bboff\u00a0\u00bb button_border_radius__hover_enabled=\u00a0\u00bboff\u00a0\u00bb button_one_border_radius__hover_enabled=\u00a0\u00bboff\u00a0\u00bb button_two_border_radius__hover_enabled=\u00a0\u00bboff\u00a0\u00bb button_letter_spacing__hover_enabled=\u00a0\u00bboff\u00a0\u00bb button_one_letter_spacing__hover_enabled=\u00a0\u00bboff\u00a0\u00bb button_two_letter_spacing__hover_enabled=\u00a0\u00bboff\u00a0\u00bb button_bg_color__hover_enabled=\u00a0\u00bboff\u00a0\u00bb button_one_bg_color__hover_enabled=\u00a0\u00bboff\u00a0\u00bb button_two_bg_color__hover_enabled=\u00a0\u00bboff\u00a0\u00bb][\/et_pb_contact_field][et_pb_contact_field field_id=\u00a0\u00bbYour_Name_2&Prime; field_title=\u00a0\u00bbVotre nom\u00a0\u00bb _builder_version=\u00a0\u00bb4.16&Prime; global_colors_info=\u00a0\u00bb{}\u00a0\u00bb button_text_size__hover_enabled=\u00a0\u00bboff\u00a0\u00bb button_one_text_size__hover_enabled=\u00a0\u00bboff\u00a0\u00bb button_two_text_size__hover_enabled=\u00a0\u00bboff\u00a0\u00bb button_text_color__hover_enabled=\u00a0\u00bboff\u00a0\u00bb button_one_text_color__hover_enabled=\u00a0\u00bboff\u00a0\u00bb button_two_text_color__hover_enabled=\u00a0\u00bboff\u00a0\u00bb button_border_width__hover_enabled=\u00a0\u00bboff\u00a0\u00bb button_one_border_width__hover_enabled=\u00a0\u00bboff\u00a0\u00bb button_two_border_width__hover_enabled=\u00a0\u00bboff\u00a0\u00bb button_border_color__hover_enabled=\u00a0\u00bboff\u00a0\u00bb button_one_border_color__hover_enabled=\u00a0\u00bboff\u00a0\u00bb button_two_border_color__hover_enabled=\u00a0\u00bboff\u00a0\u00bb button_border_radius__hover_enabled=\u00a0\u00bboff\u00a0\u00bb button_one_border_radius__hover_enabled=\u00a0\u00bboff\u00a0\u00bb button_two_border_radius__hover_enabled=\u00a0\u00bboff\u00a0\u00bb button_letter_spacing__hover_enabled=\u00a0\u00bboff\u00a0\u00bb button_one_letter_spacing__hover_enabled=\u00a0\u00bboff\u00a0\u00bb button_two_letter_spacing__hover_enabled=\u00a0\u00bboff\u00a0\u00bb button_bg_color__hover_enabled=\u00a0\u00bboff\u00a0\u00bb button_one_bg_color__hover_enabled=\u00a0\u00bboff\u00a0\u00bb button_two_bg_color__hover_enabled=\u00a0\u00bboff\u00a0\u00bb][\/et_pb_contact_field][et_pb_contact_field field_id=\u00a0\u00bbYour_Friend1_Name\u00a0\u00bb field_title=\u00a0\u00bbNom de votre ami\u00a0\u00bb _builder_version=\u00a0\u00bb4.16&Prime; global_colors_info=\u00a0\u00bb{}\u00a0\u00bb button_text_size__hover_enabled=\u00a0\u00bboff\u00a0\u00bb button_one_text_size__hover_enabled=\u00a0\u00bboff\u00a0\u00bb button_two_text_size__hover_enabled=\u00a0\u00bboff\u00a0\u00bb button_text_color__hover_enabled=\u00a0\u00bboff\u00a0\u00bb button_one_text_color__hover_enabled=\u00a0\u00bboff\u00a0\u00bb button_two_text_color__hover_enabled=\u00a0\u00bboff\u00a0\u00bb button_border_width__hover_enabled=\u00a0\u00bboff\u00a0\u00bb button_one_border_width__hover_enabled=\u00a0\u00bboff\u00a0\u00bb button_two_border_width__hover_enabled=\u00a0\u00bboff\u00a0\u00bb button_border_color__hover_enabled=\u00a0\u00bboff\u00a0\u00bb button_one_border_color__hover_enabled=\u00a0\u00bboff\u00a0\u00bb button_two_border_color__hover_enabled=\u00a0\u00bboff\u00a0\u00bb button_border_radius__hover_enabled=\u00a0\u00bboff\u00a0\u00bb button_one_border_radius__hover_enabled=\u00a0\u00bboff\u00a0\u00bb button_two_border_radius__hover_enabled=\u00a0\u00bboff\u00a0\u00bb button_letter_spacing__hover_enabled=\u00a0\u00bboff\u00a0\u00bb button_one_letter_spacing__hover_enabled=\u00a0\u00bboff\u00a0\u00bb button_two_letter_spacing__hover_enabled=\u00a0\u00bboff\u00a0\u00bb button_bg_color__hover_enabled=\u00a0\u00bboff\u00a0\u00bb button_one_bg_color__hover_enabled=\u00a0\u00bboff\u00a0\u00bb button_two_bg_color__hover_enabled=\u00a0\u00bboff\u00a0\u00bb][\/et_pb_contact_field][et_pb_contact_field field_id=\u00a0\u00bbYour_Friend1_Email\u00a0\u00bb field_title=\u00a0\u00bbCourriel de votre ami\u00a0\u00bb field_type=\u00a0\u00bbemail\u00a0\u00bb _builder_version=\u00a0\u00bb4.16&Prime; global_colors_info=\u00a0\u00bb{}\u00a0\u00bb button_text_size__hover_enabled=\u00a0\u00bboff\u00a0\u00bb button_one_text_size__hover_enabled=\u00a0\u00bboff\u00a0\u00bb button_two_text_size__hover_enabled=\u00a0\u00bboff\u00a0\u00bb button_text_color__hover_enabled=\u00a0\u00bboff\u00a0\u00bb button_one_text_color__hover_enabled=\u00a0\u00bboff\u00a0\u00bb button_two_text_color__hover_enabled=\u00a0\u00bboff\u00a0\u00bb button_border_width__hover_enabled=\u00a0\u00bboff\u00a0\u00bb button_one_border_width__hover_enabled=\u00a0\u00bboff\u00a0\u00bb button_two_border_width__hover_enabled=\u00a0\u00bboff\u00a0\u00bb button_border_color__hover_enabled=\u00a0\u00bboff\u00a0\u00bb button_one_border_color__hover_enabled=\u00a0\u00bboff\u00a0\u00bb button_two_border_color__hover_enabled=\u00a0\u00bboff\u00a0\u00bb button_border_radius__hover_enabled=\u00a0\u00bboff\u00a0\u00bb button_one_border_radius__hover_enabled=\u00a0\u00bboff\u00a0\u00bb button_two_border_radius__hover_enabled=\u00a0\u00bboff\u00a0\u00bb button_letter_spacing__hover_enabled=\u00a0\u00bboff\u00a0\u00bb button_one_letter_spacing__hover_enabled=\u00a0\u00bboff\u00a0\u00bb button_two_letter_spacing__hover_enabled=\u00a0\u00bboff\u00a0\u00bb button_bg_color__hover_enabled=\u00a0\u00bboff\u00a0\u00bb button_one_bg_color__hover_enabled=\u00a0\u00bboff\u00a0\u00bb button_two_bg_color__hover_enabled=\u00a0\u00bboff\u00a0\u00bb][\/et_pb_contact_field][\/et_pb_contact_form][\/et_pb_column][\/et_pb_row][\/et_pb_section][et_pb_section fb_built=\u00a0\u00bb1&Prime; _builder_version=\u00a0\u00bb4.16&Prime; _module_preset=\u00a0\u00bbdefault\u00a0\u00bb background_color=\u00a0\u00bb#F5F5F5&Prime; custom_padding=\u00a0\u00bb7px|||||\u00a0\u00bb global_colors_info=\u00a0\u00bb{}\u00a0\u00bb][et_pb_row column_structure=\u00a0\u00bb1_3,1_3,1_3&Prime; admin_label=\u00a0\u00bbrow\u00a0\u00bb _builder_version=\u00a0\u00bb4.16&Prime; background_size=\u00a0\u00bbinitial\u00a0\u00bb background_position=\u00a0\u00bbtop_left\u00a0\u00bb background_repeat=\u00a0\u00bbrepeat\u00a0\u00bb custom_padding=\u00a0\u00bb72px|||||\u00a0\u00bb border_color_all=\u00a0\u00bbRGBA(0,0,0,0)\u00a0\u00bb border_color_top=\u00a0\u00bb#EA0029&Prime; global_colors_info=\u00a0\u00bb{}\u00a0\u00bb][et_pb_column type=\u00a0\u00bb1_3&Prime; _builder_version=\u00a0\u00bb4.16&Prime; _module_preset=\u00a0\u00bbdefault\u00a0\u00bb global_colors_info=\u00a0\u00bb{}\u00a0\u00bb][et_pb_blurb title=\u00a0\u00bbNos services\u00a0\u00bb image=\u00a0\u00bbhttps:\/\/reddotalerts.ca\/wp-content\/uploads\/2021\/11\/our-services_icon.svg\u00a0\u00bb image_icon_width=\u00a0\u00bb35%\u00a0\u00bb _builder_version=\u00a0\u00bb4.16&Prime; _module_preset=\u00a0\u00bbdefault\u00a0\u00bb header_level=\u00a0\u00bbh1&Prime; body_font=\u00a0\u00bb|700|||||||\u00a0\u00bb text_orientation=\u00a0\u00bbcenter\u00a0\u00bb module_alignment=\u00a0\u00bbcenter\u00a0\u00bb custom_margin=\u00a0\u00bb||||false|false\u00a0\u00bb custom_padding=\u00a0\u00bb||||false|false\u00a0\u00bb image_max_width=\u00a0\u00bb35%\u00a0\u00bb global_colors_info=\u00a0\u00bb{}\u00a0\u00bb]<\/p>\n<p>Nous concevons des solutions d\u2019alerte personnelle qui procurent une tranquillit\u00e9 d\u2019esprit \u00e0 nos clients et leurs proches partout au Canada o\u00f9 il y a un r\u00e9seau cellulaire.<\/p>\n<p>[\/et_pb_blurb][\/et_pb_column][et_pb_column type=\u00a0\u00bb1_3&Prime; _builder_version=\u00a0\u00bb4.16&Prime; custom_padding=\u00a0\u00bb|||\u00a0\u00bb global_colors_info=\u00a0\u00bb{}\u00a0\u00bb custom_padding__hover=\u00a0\u00bb|||\u00a0\u00bb][et_pb_blurb title=\u00a0\u00bbFonctionnement\u00a0\u00bb image=\u00a0\u00bbhttps:\/\/reddotalerts.ca\/wp-content\/uploads\/2021\/11\/how-it-works_icon.svg\u00a0\u00bb image_icon_width=\u00a0\u00bb35%\u00a0\u00bb _builder_version=\u00a0\u00bb4.16&Prime; _module_preset=\u00a0\u00bbdefault\u00a0\u00bb header_level=\u00a0\u00bbh1&Prime; body_font=\u00a0\u00bb|700|||||||\u00a0\u00bb text_orientation=\u00a0\u00bbcenter\u00a0\u00bb module_alignment=\u00a0\u00bbcenter\u00a0\u00bb custom_margin=\u00a0\u00bb||||false|false\u00a0\u00bb custom_padding=\u00a0\u00bb||||false|false\u00a0\u00bb image_max_width=\u00a0\u00bb35%\u00a0\u00bb global_colors_info=\u00a0\u00bb{}\u00a0\u00bb]<\/p>\n<p><strong>Nos solutions d\u2019alerte personnelle fonctionnent jour et nuit, tout au long de l\u2019ann\u00e9e. En appuyant sur un simple bouton, nos clients sont automatiquement mis en communication avec un op\u00e9rateur bilingue qui pourra les aider.<\/strong><\/p>\n<p>[\/et_pb_blurb][\/et_pb_column][et_pb_column type=\u00a0\u00bb1_3&Prime; _builder_version=\u00a0\u00bb4.16&Prime; custom_padding=\u00a0\u00bb|||\u00a0\u00bb global_colors_info=\u00a0\u00bb{}\u00a0\u00bb custom_padding__hover=\u00a0\u00bb|||\u00a0\u00bb][et_pb_blurb title=\u00a0\u00bbQui est notre client\u00e8le?\u00a0\u00bb image=\u00a0\u00bbhttps:\/\/reddotalerts.ca\/wp-content\/uploads\/2021\/11\/who-we-help_icon.svg\u00a0\u00bb image_icon_width=\u00a0\u00bb35%\u00a0\u00bb _builder_version=\u00a0\u00bb4.16&Prime; _module_preset=\u00a0\u00bbdefault\u00a0\u00bb header_level=\u00a0\u00bbh1&Prime; body_font=\u00a0\u00bb|700|||||||\u00a0\u00bb text_orientation=\u00a0\u00bbcenter\u00a0\u00bb module_alignment=\u00a0\u00bbcenter\u00a0\u00bb custom_margin=\u00a0\u00bb||||false|false\u00a0\u00bb custom_padding=\u00a0\u00bb||||false|false\u00a0\u00bb image_max_width=\u00a0\u00bb35%\u00a0\u00bb global_colors_info=\u00a0\u00bb{}\u00a0\u00bb]<\/p>\n<p><strong>Nous offrons une assistance \u00e0 des personnes de tout \u00e2ge qui ont besoin d\u2019un sentiment de s\u00e9curit\u00e9 suppl\u00e9mentaire pour maintenir leur autonomie.<\/strong><\/p>\n<p>[\/et_pb_blurb][\/et_pb_column][\/et_pb_row][\/et_pb_section]<\/p>\n","protected":false},"excerpt":{"rendered":"<p>Obtenez un abonnement GRATUIT! Pour chaque ami que vous nous adressez et qui s\u2019abonne \u00e0 nos solutions, vous profiterez d\u2019un mois d\u2019abonnement GRATUIT.\u00a0 Pour nous recommander un ami, il suffit de nous appeler ou de nous \u00e9crire.La soci\u00e9t\u00e9 Red Dot Alerts est fi\u00e8rement d\u00e9tenue et exploit\u00e9e \u00e0 part enti\u00e8re par des int\u00e9r\u00eats canadiens. Nous comptons [&hellip;]<\/p>\n","protected":false},"author":9,"featured_media":0,"parent":0,"menu_order":0,"comment_status":"closed","ping_status":"closed","template":"","meta":{"_et_pb_use_builder":"on","_et_pb_old_content":"","_et_gb_content_width":"","om_disable_all_campaigns":false,"inline_featured_image":false,"_monsterinsights_skip_tracking":false,"_monsterinsights_sitenote_active":false,"_monsterinsights_sitenote_note":"","_monsterinsights_sitenote_category":0,"footnotes":"","_links_to":"","_links_to_target":""},"class_list":["post-7126","page","type-page","status-publish","hentry"],"aioseo_notices":[],"yoast_head":"<!-- This site is optimized with the Yoast SEO plugin v27.0 - https:\/\/yoast.com\/product\/yoast-seo-wordpress\/ -->\n<title>Adressez-nous un ami - Red Dot Personal Alert Solutions<\/title>\n<meta name=\"description\" content=\"Pour chaque ami que vous nous adressez et qui s\u2019abonne \u00e0 nos solutions, vous profiterez d\u2019un mois d\u2019abonnement GRATUIT. Cette offre est valable jusqu\u2019\u00e0 concurrence de six amis. Pour nous recommander un ami, il suffit de nous appeler au num\u00e9ro ci-dessous ou de remplir le formulaire ci-dessous. Cette offre est valable jusqu\u2019\u00e0 concurrence de six amis.\" \/>\n<meta name=\"robots\" content=\"index, follow, max-snippet:-1, max-image-preview:large, max-video-preview:-1\" \/>\n<link rel=\"canonical\" href=\"https:\/\/reddotalerts.ca\/fr\/adressez-nous-un-ami\/\" \/>\n<meta property=\"og:locale\" content=\"fr_FR\" \/>\n<meta property=\"og:type\" content=\"article\" \/>\n<meta property=\"og:title\" content=\"Adressez-nous un ami - Red Dot Personal Alert Solutions\" \/>\n<meta property=\"og:description\" content=\"Pour chaque ami que vous nous adressez et qui s\u2019abonne \u00e0 nos solutions, vous profiterez d\u2019un mois d\u2019abonnement GRATUIT. Cette offre est valable jusqu\u2019\u00e0 concurrence de six amis. Pour nous recommander un ami, il suffit de nous appeler au num\u00e9ro ci-dessous ou de remplir le formulaire ci-dessous. Cette offre est valable jusqu\u2019\u00e0 concurrence de six amis.\" \/>\n<meta property=\"og:url\" content=\"https:\/\/reddotalerts.ca\/fr\/adressez-nous-un-ami\/\" \/>\n<meta property=\"og:site_name\" content=\"Red Dot Personal Alert Solutions\" \/>\n<meta property=\"article:modified_time\" content=\"2023-11-09T19:37:47+00:00\" \/>\n<meta property=\"og:image\" content=\"https:\/\/reddotalerts.ca\/wp-content\/uploads\/2021\/10\/RedDot_heroimage-home.jpg\" \/>\n\t<meta property=\"og:image:width\" content=\"1920\" \/>\n\t<meta property=\"og:image:height\" content=\"1271\" \/>\n\t<meta property=\"og:image:type\" content=\"image\/jpeg\" \/>\n<meta name=\"twitter:card\" content=\"summary_large_image\" \/>\n<meta name=\"twitter:label1\" content=\"Dur\u00e9e de lecture estim\u00e9e\" \/>\n\t<meta name=\"twitter:data1\" content=\"7 minutes\" \/>\n<script type=\"application\/ld+json\" class=\"yoast-schema-graph\">{\"@context\":\"https:\/\/schema.org\",\"@graph\":[{\"@type\":\"WebPage\",\"@id\":\"https:\/\/reddotalerts.ca\/fr\/adressez-nous-un-ami\/\",\"url\":\"https:\/\/reddotalerts.ca\/fr\/adressez-nous-un-ami\/\",\"name\":\"Adressez-nous un ami - Red Dot Personal Alert Solutions\",\"isPartOf\":{\"@id\":\"https:\/\/reddotalerts.ca\/fr\/#website\"},\"datePublished\":\"2021-11-25T16:53:10+00:00\",\"dateModified\":\"2023-11-09T19:37:47+00:00\",\"description\":\"Pour chaque ami que vous nous adressez et qui s\u2019abonne \u00e0 nos solutions, vous profiterez d\u2019un mois d\u2019abonnement GRATUIT. Cette offre est valable jusqu\u2019\u00e0 concurrence de six amis. Pour nous recommander un ami, il suffit de nous appeler au num\u00e9ro ci-dessous ou de remplir le formulaire ci-dessous. Cette offre est valable jusqu\u2019\u00e0 concurrence de six amis.\",\"breadcrumb\":{\"@id\":\"https:\/\/reddotalerts.ca\/fr\/adressez-nous-un-ami\/#breadcrumb\"},\"inLanguage\":\"fr-FR\",\"potentialAction\":[{\"@type\":\"ReadAction\",\"target\":[\"https:\/\/reddotalerts.ca\/fr\/adressez-nous-un-ami\/\"]}]},{\"@type\":\"BreadcrumbList\",\"@id\":\"https:\/\/reddotalerts.ca\/fr\/adressez-nous-un-ami\/#breadcrumb\",\"itemListElement\":[{\"@type\":\"ListItem\",\"position\":1,\"name\":\"Home\",\"item\":\"https:\/\/reddotalerts.ca\/fr\/\"},{\"@type\":\"ListItem\",\"position\":2,\"name\":\"Adressez-nous un ami\"}]},{\"@type\":\"WebSite\",\"@id\":\"https:\/\/reddotalerts.ca\/fr\/#website\",\"url\":\"https:\/\/reddotalerts.ca\/fr\/\",\"name\":\"Red Dot Personal Alert Solutions\",\"description\":\"Red Dot knows how important it is to keep your loved ones safe.\",\"publisher\":{\"@id\":\"https:\/\/reddotalerts.ca\/fr\/#organization\"},\"potentialAction\":[{\"@type\":\"SearchAction\",\"target\":{\"@type\":\"EntryPoint\",\"urlTemplate\":\"https:\/\/reddotalerts.ca\/fr\/?s={search_term_string}\"},\"query-input\":{\"@type\":\"PropertyValueSpecification\",\"valueRequired\":true,\"valueName\":\"search_term_string\"}}],\"inLanguage\":\"fr-FR\"},{\"@type\":\"Organization\",\"@id\":\"https:\/\/reddotalerts.ca\/fr\/#organization\",\"name\":\"Red Dot Personal Alert Solutions\",\"url\":\"https:\/\/reddotalerts.ca\/fr\/\",\"logo\":{\"@type\":\"ImageObject\",\"inLanguage\":\"fr-FR\",\"@id\":\"https:\/\/reddotalerts.ca\/fr\/#\/schema\/logo\/image\/\",\"url\":\"\",\"contentUrl\":\"\",\"caption\":\"Red Dot Personal Alert Solutions\"},\"image\":{\"@id\":\"https:\/\/reddotalerts.ca\/fr\/#\/schema\/logo\/image\/\"},\"sameAs\":[\"https:\/\/ca.linkedin.com\/company\/red-dot-alerts\"]}]}<\/script>\n<!-- \/ Yoast SEO plugin. -->","yoast_head_json":{"title":"Adressez-nous un ami - Red Dot Personal Alert Solutions","description":"Pour chaque ami que vous nous adressez et qui s\u2019abonne \u00e0 nos solutions, vous profiterez d\u2019un mois d\u2019abonnement GRATUIT. Cette offre est valable jusqu\u2019\u00e0 concurrence de six amis. Pour nous recommander un ami, il suffit de nous appeler au num\u00e9ro ci-dessous ou de remplir le formulaire ci-dessous. Cette offre est valable jusqu\u2019\u00e0 concurrence de six amis.","robots":{"index":"index","follow":"follow","max-snippet":"max-snippet:-1","max-image-preview":"max-image-preview:large","max-video-preview":"max-video-preview:-1"},"canonical":"https:\/\/reddotalerts.ca\/fr\/adressez-nous-un-ami\/","og_locale":"fr_FR","og_type":"article","og_title":"Adressez-nous un ami - Red Dot Personal Alert Solutions","og_description":"Pour chaque ami que vous nous adressez et qui s\u2019abonne \u00e0 nos solutions, vous profiterez d\u2019un mois d\u2019abonnement GRATUIT. Cette offre est valable jusqu\u2019\u00e0 concurrence de six amis. Pour nous recommander un ami, il suffit de nous appeler au num\u00e9ro ci-dessous ou de remplir le formulaire ci-dessous. Cette offre est valable jusqu\u2019\u00e0 concurrence de six amis.","og_url":"https:\/\/reddotalerts.ca\/fr\/adressez-nous-un-ami\/","og_site_name":"Red Dot Personal Alert Solutions","article_modified_time":"2023-11-09T19:37:47+00:00","og_image":[{"width":1920,"height":1271,"url":"https:\/\/reddotalerts.ca\/wp-content\/uploads\/2021\/10\/RedDot_heroimage-home.jpg","type":"image\/jpeg"}],"twitter_card":"summary_large_image","twitter_misc":{"Dur\u00e9e de lecture estim\u00e9e":"7 minutes"},"schema":{"@context":"https:\/\/schema.org","@graph":[{"@type":"WebPage","@id":"https:\/\/reddotalerts.ca\/fr\/adressez-nous-un-ami\/","url":"https:\/\/reddotalerts.ca\/fr\/adressez-nous-un-ami\/","name":"Adressez-nous un ami - Red Dot Personal Alert Solutions","isPartOf":{"@id":"https:\/\/reddotalerts.ca\/fr\/#website"},"datePublished":"2021-11-25T16:53:10+00:00","dateModified":"2023-11-09T19:37:47+00:00","description":"Pour chaque ami que vous nous adressez et qui s\u2019abonne \u00e0 nos solutions, vous profiterez d\u2019un mois d\u2019abonnement GRATUIT. Cette offre est valable jusqu\u2019\u00e0 concurrence de six amis. Pour nous recommander un ami, il suffit de nous appeler au num\u00e9ro ci-dessous ou de remplir le formulaire ci-dessous. Cette offre est valable jusqu\u2019\u00e0 concurrence de six amis.","breadcrumb":{"@id":"https:\/\/reddotalerts.ca\/fr\/adressez-nous-un-ami\/#breadcrumb"},"inLanguage":"fr-FR","potentialAction":[{"@type":"ReadAction","target":["https:\/\/reddotalerts.ca\/fr\/adressez-nous-un-ami\/"]}]},{"@type":"BreadcrumbList","@id":"https:\/\/reddotalerts.ca\/fr\/adressez-nous-un-ami\/#breadcrumb","itemListElement":[{"@type":"ListItem","position":1,"name":"Home","item":"https:\/\/reddotalerts.ca\/fr\/"},{"@type":"ListItem","position":2,"name":"Adressez-nous un ami"}]},{"@type":"WebSite","@id":"https:\/\/reddotalerts.ca\/fr\/#website","url":"https:\/\/reddotalerts.ca\/fr\/","name":"Red Dot Personal Alert Solutions","description":"Red Dot knows how important it is to keep your loved ones safe.","publisher":{"@id":"https:\/\/reddotalerts.ca\/fr\/#organization"},"potentialAction":[{"@type":"SearchAction","target":{"@type":"EntryPoint","urlTemplate":"https:\/\/reddotalerts.ca\/fr\/?s={search_term_string}"},"query-input":{"@type":"PropertyValueSpecification","valueRequired":true,"valueName":"search_term_string"}}],"inLanguage":"fr-FR"},{"@type":"Organization","@id":"https:\/\/reddotalerts.ca\/fr\/#organization","name":"Red Dot Personal Alert Solutions","url":"https:\/\/reddotalerts.ca\/fr\/","logo":{"@type":"ImageObject","inLanguage":"fr-FR","@id":"https:\/\/reddotalerts.ca\/fr\/#\/schema\/logo\/image\/","url":"","contentUrl":"","caption":"Red Dot Personal Alert Solutions"},"image":{"@id":"https:\/\/reddotalerts.ca\/fr\/#\/schema\/logo\/image\/"},"sameAs":["https:\/\/ca.linkedin.com\/company\/red-dot-alerts"]}]}},"_links":{"self":[{"href":"https:\/\/reddotalerts.ca\/fr\/wp-json\/wp\/v2\/pages\/7126","targetHints":{"allow":["GET"]}}],"collection":[{"href":"https:\/\/reddotalerts.ca\/fr\/wp-json\/wp\/v2\/pages"}],"about":[{"href":"https:\/\/reddotalerts.ca\/fr\/wp-json\/wp\/v2\/types\/page"}],"author":[{"embeddable":true,"href":"https:\/\/reddotalerts.ca\/fr\/wp-json\/wp\/v2\/users\/9"}],"replies":[{"embeddable":true,"href":"https:\/\/reddotalerts.ca\/fr\/wp-json\/wp\/v2\/comments?post=7126"}],"version-history":[{"count":24,"href":"https:\/\/reddotalerts.ca\/fr\/wp-json\/wp\/v2\/pages\/7126\/revisions"}],"predecessor-version":[{"id":10067,"href":"https:\/\/reddotalerts.ca\/fr\/wp-json\/wp\/v2\/pages\/7126\/revisions\/10067"}],"wp:attachment":[{"href":"https:\/\/reddotalerts.ca\/fr\/wp-json\/wp\/v2\/media?parent=7126"}],"curies":[{"name":"wp","href":"https:\/\/api.w.org\/{rel}","templated":true}]}}