{"id":10095,"date":"2023-12-03T10:27:18","date_gmt":"2023-12-03T19:46:30","guid":{"rendered":"https:\/\/reddotalerts.ca\/?post_type=product&#038;p=10095"},"modified":"2024-03-28T16:21:03","modified_gmt":"2024-03-28T20:21:03","slug":"pace-de-rda","status":"publish","type":"product","link":"https:\/\/reddotalerts.ca\/fr\/produit\/pace-de-rda\/","title":{"rendered":"Pace de RDA"},"content":{"rendered":"","protected":false},"excerpt":{"rendered":"<h5>Frais d\u2019\u00c9quipement : 99 $<br \/>\nFrais Mensuels R\u00e9currents : 49,99 $ \/ mois<\/h5>\n<p><strong>99 $ + TVH (frais uniques)\u2028<br \/>\n49,99 $ + TVH\/mois <\/strong><\/p>\n<ul>\n<li>Montre connect\u00e9e \u00e9l\u00e9gante<\/li>\n<li>Localisation GPS<\/li>\n<li>Moniteur cardiaque<\/li>\n<li>Compteur de pas<\/li>\n<li>Connectivit\u00e9 sur r\u00e9seau 4G<\/li>\n<li>Autonomie de 24 heures<\/li>\n<li>Localisation par message texte<\/li>\n<\/ul>\n<h6>Garantie sans contrainte<\/h6>\n","protected":false},"featured_media":9696,"template":"","meta":{"_et_pb_use_builder":"","_et_pb_old_content":"","_et_gb_content_width":"","om_disable_all_campaigns":false,"inline_featured_image":false,"_monsterinsights_skip_tracking":false,"_monsterinsights_sitenote_active":false,"_monsterinsights_sitenote_note":"","_monsterinsights_sitenote_category":0,"_links_to":"","_links_to_target":""},"product_brand":[],"product_cat":[80],"product_tag":[],"class_list":{"0":"post-10095","1":"product","2":"type-product","3":"status-publish","4":"has-post-thumbnail","6":"product_cat-non-classifiee","8":"first","9":"instock","10":"taxable","11":"shipping-taxable","12":"purchasable","13":"product-type-subscription"},"aioseo_notices":[],"yoast_head":"<!-- This site is optimized with the Yoast SEO plugin v27.0 - https:\/\/yoast.com\/product\/yoast-seo-wordpress\/ -->\n<title>Pace de RDA - Red Dot Personal Alert Solutions<\/title>\n<meta name=\"robots\" content=\"index, follow, max-snippet:-1, max-image-preview:large, max-video-preview:-1\" \/>\n<link rel=\"canonical\" href=\"https:\/\/reddotalerts.ca\/fr\/produit\/pace-de-rda\/\" \/>\n<meta property=\"og:locale\" content=\"fr_FR\" \/>\n<meta property=\"og:type\" content=\"article\" \/>\n<meta property=\"og:title\" content=\"Pace de RDA - Red Dot Personal Alert Solutions\" \/>\n<meta property=\"og:description\" content=\"Frais d\u2019\u00c9quipement : 99 $ Frais Mensuels R\u00e9currents : 49,99 $ \/ mois  99 $ + TVH (frais uniques)\u2028 49,99 $ + TVH\/mois     Montre connect\u00e9e \u00e9l\u00e9gante  Localisation GPS  Moniteur cardiaque  Compteur de pas  Connectivit\u00e9 sur r\u00e9seau 4G  Autonomie de 24 heures  Localisation par message texte  Garantie sans contrainte\" \/>\n<meta property=\"og:url\" content=\"https:\/\/reddotalerts.ca\/fr\/produit\/pace-de-rda\/\" \/>\n<meta property=\"og:site_name\" content=\"Red Dot Personal Alert Solutions\" \/>\n<meta property=\"article:modified_time\" content=\"2024-03-28T20:21:03+00:00\" \/>\n<meta property=\"og:image\" content=\"https:\/\/reddotalerts.ca\/wp-content\/uploads\/2023\/07\/rda-600.png\" \/>\n\t<meta property=\"og:image:width\" content=\"600\" \/>\n\t<meta property=\"og:image:height\" content=\"600\" \/>\n\t<meta property=\"og:image:type\" content=\"image\/png\" \/>\n<meta name=\"twitter:card\" content=\"summary_large_image\" \/>\n<script type=\"application\/ld+json\" class=\"yoast-schema-graph\">{\"@context\":\"https:\/\/schema.org\",\"@graph\":[{\"@type\":\"WebPage\",\"@id\":\"https:\/\/reddotalerts.ca\/fr\/produit\/pace-de-rda\/\",\"url\":\"https:\/\/reddotalerts.ca\/fr\/produit\/pace-de-rda\/\",\"name\":\"Pace de RDA - Red Dot Personal Alert Solutions\",\"isPartOf\":{\"@id\":\"https:\/\/reddotalerts.ca\/fr\/#website\"},\"primaryImageOfPage\":{\"@id\":\"https:\/\/reddotalerts.ca\/fr\/produit\/pace-de-rda\/#primaryimage\"},\"image\":{\"@id\":\"https:\/\/reddotalerts.ca\/fr\/produit\/pace-de-rda\/#primaryimage\"},\"thumbnailUrl\":\"https:\/\/reddotalerts.ca\/wp-content\/uploads\/2023\/07\/rda-600.png\",\"datePublished\":\"2023-12-03T19:46:30+00:00\",\"dateModified\":\"2024-03-28T20:21:03+00:00\",\"breadcrumb\":{\"@id\":\"https:\/\/reddotalerts.ca\/fr\/produit\/pace-de-rda\/#breadcrumb\"},\"inLanguage\":\"fr-FR\",\"potentialAction\":[{\"@type\":\"ReadAction\",\"target\":[\"https:\/\/reddotalerts.ca\/fr\/produit\/pace-de-rda\/\"]}]},{\"@type\":\"ImageObject\",\"inLanguage\":\"fr-FR\",\"@id\":\"https:\/\/reddotalerts.ca\/fr\/produit\/pace-de-rda\/#primaryimage\",\"url\":\"https:\/\/reddotalerts.ca\/wp-content\/uploads\/2023\/07\/rda-600.png\",\"contentUrl\":\"https:\/\/reddotalerts.ca\/wp-content\/uploads\/2023\/07\/rda-600.png\",\"width\":600,\"height\":600},{\"@type\":\"BreadcrumbList\",\"@id\":\"https:\/\/reddotalerts.ca\/fr\/produit\/pace-de-rda\/#breadcrumb\",\"itemListElement\":[{\"@type\":\"ListItem\",\"position\":1,\"name\":\"Home\",\"item\":\"https:\/\/reddotalerts.ca\/fr\/\"},{\"@type\":\"ListItem\",\"position\":2,\"name\":\"Private: Shop\",\"item\":\"https:\/\/reddotalerts.ca\/?page_id=9653\"},{\"@type\":\"ListItem\",\"position\":3,\"name\":\"Pace de RDA\"}]},{\"@type\":\"WebSite\",\"@id\":\"https:\/\/reddotalerts.ca\/fr\/#website\",\"url\":\"https:\/\/reddotalerts.ca\/fr\/\",\"name\":\"Red Dot Personal Alert Solutions\",\"description\":\"Red Dot knows how important it is to keep your loved ones safe.\",\"publisher\":{\"@id\":\"https:\/\/reddotalerts.ca\/fr\/#organization\"},\"potentialAction\":[{\"@type\":\"SearchAction\",\"target\":{\"@type\":\"EntryPoint\",\"urlTemplate\":\"https:\/\/reddotalerts.ca\/fr\/?s={search_term_string}\"},\"query-input\":{\"@type\":\"PropertyValueSpecification\",\"valueRequired\":true,\"valueName\":\"search_term_string\"}}],\"inLanguage\":\"fr-FR\"},{\"@type\":\"Organization\",\"@id\":\"https:\/\/reddotalerts.ca\/fr\/#organization\",\"name\":\"Red Dot Personal Alert Solutions\",\"url\":\"https:\/\/reddotalerts.ca\/fr\/\",\"logo\":{\"@type\":\"ImageObject\",\"inLanguage\":\"fr-FR\",\"@id\":\"https:\/\/reddotalerts.ca\/fr\/#\/schema\/logo\/image\/\",\"url\":\"\",\"contentUrl\":\"\",\"caption\":\"Red Dot Personal Alert Solutions\"},\"image\":{\"@id\":\"https:\/\/reddotalerts.ca\/fr\/#\/schema\/logo\/image\/\"},\"sameAs\":[\"https:\/\/ca.linkedin.com\/company\/red-dot-alerts\"]}]}<\/script>\n<!-- \/ Yoast SEO plugin. -->","yoast_head_json":{"title":"Pace de RDA - Red Dot Personal Alert Solutions","robots":{"index":"index","follow":"follow","max-snippet":"max-snippet:-1","max-image-preview":"max-image-preview:large","max-video-preview":"max-video-preview:-1"},"canonical":"https:\/\/reddotalerts.ca\/fr\/produit\/pace-de-rda\/","og_locale":"fr_FR","og_type":"article","og_title":"Pace de RDA - Red Dot Personal Alert Solutions","og_description":"Frais d\u2019\u00c9quipement : 99 $ Frais Mensuels R\u00e9currents : 49,99 $ \/ mois  99 $ + TVH (frais uniques)\u2028 49,99 $ + TVH\/mois     Montre connect\u00e9e \u00e9l\u00e9gante  Localisation GPS  Moniteur cardiaque  Compteur de pas  Connectivit\u00e9 sur r\u00e9seau 4G  Autonomie de 24 heures  Localisation par message texte  Garantie sans contrainte","og_url":"https:\/\/reddotalerts.ca\/fr\/produit\/pace-de-rda\/","og_site_name":"Red Dot Personal Alert Solutions","article_modified_time":"2024-03-28T20:21:03+00:00","og_image":[{"width":600,"height":600,"url":"https:\/\/reddotalerts.ca\/wp-content\/uploads\/2023\/07\/rda-600.png","type":"image\/png"}],"twitter_card":"summary_large_image","schema":{"@context":"https:\/\/schema.org","@graph":[{"@type":"WebPage","@id":"https:\/\/reddotalerts.ca\/fr\/produit\/pace-de-rda\/","url":"https:\/\/reddotalerts.ca\/fr\/produit\/pace-de-rda\/","name":"Pace de RDA - Red Dot Personal Alert Solutions","isPartOf":{"@id":"https:\/\/reddotalerts.ca\/fr\/#website"},"primaryImageOfPage":{"@id":"https:\/\/reddotalerts.ca\/fr\/produit\/pace-de-rda\/#primaryimage"},"image":{"@id":"https:\/\/reddotalerts.ca\/fr\/produit\/pace-de-rda\/#primaryimage"},"thumbnailUrl":"https:\/\/reddotalerts.ca\/wp-content\/uploads\/2023\/07\/rda-600.png","datePublished":"2023-12-03T19:46:30+00:00","dateModified":"2024-03-28T20:21:03+00:00","breadcrumb":{"@id":"https:\/\/reddotalerts.ca\/fr\/produit\/pace-de-rda\/#breadcrumb"},"inLanguage":"fr-FR","potentialAction":[{"@type":"ReadAction","target":["https:\/\/reddotalerts.ca\/fr\/produit\/pace-de-rda\/"]}]},{"@type":"ImageObject","inLanguage":"fr-FR","@id":"https:\/\/reddotalerts.ca\/fr\/produit\/pace-de-rda\/#primaryimage","url":"https:\/\/reddotalerts.ca\/wp-content\/uploads\/2023\/07\/rda-600.png","contentUrl":"https:\/\/reddotalerts.ca\/wp-content\/uploads\/2023\/07\/rda-600.png","width":600,"height":600},{"@type":"BreadcrumbList","@id":"https:\/\/reddotalerts.ca\/fr\/produit\/pace-de-rda\/#breadcrumb","itemListElement":[{"@type":"ListItem","position":1,"name":"Home","item":"https:\/\/reddotalerts.ca\/fr\/"},{"@type":"ListItem","position":2,"name":"Private: Shop","item":"https:\/\/reddotalerts.ca\/?page_id=9653"},{"@type":"ListItem","position":3,"name":"Pace de RDA"}]},{"@type":"WebSite","@id":"https:\/\/reddotalerts.ca\/fr\/#website","url":"https:\/\/reddotalerts.ca\/fr\/","name":"Red Dot Personal Alert Solutions","description":"Red Dot knows how important it is to keep your loved ones safe.","publisher":{"@id":"https:\/\/reddotalerts.ca\/fr\/#organization"},"potentialAction":[{"@type":"SearchAction","target":{"@type":"EntryPoint","urlTemplate":"https:\/\/reddotalerts.ca\/fr\/?s={search_term_string}"},"query-input":{"@type":"PropertyValueSpecification","valueRequired":true,"valueName":"search_term_string"}}],"inLanguage":"fr-FR"},{"@type":"Organization","@id":"https:\/\/reddotalerts.ca\/fr\/#organization","name":"Red Dot Personal Alert Solutions","url":"https:\/\/reddotalerts.ca\/fr\/","logo":{"@type":"ImageObject","inLanguage":"fr-FR","@id":"https:\/\/reddotalerts.ca\/fr\/#\/schema\/logo\/image\/","url":"","contentUrl":"","caption":"Red Dot Personal Alert Solutions"},"image":{"@id":"https:\/\/reddotalerts.ca\/fr\/#\/schema\/logo\/image\/"},"sameAs":["https:\/\/ca.linkedin.com\/company\/red-dot-alerts"]}]}},"_links":{"self":[{"href":"https:\/\/reddotalerts.ca\/fr\/wp-json\/wp\/v2\/product\/10095","targetHints":{"allow":["GET"]}}],"collection":[{"href":"https:\/\/reddotalerts.ca\/fr\/wp-json\/wp\/v2\/product"}],"about":[{"href":"https:\/\/reddotalerts.ca\/fr\/wp-json\/wp\/v2\/types\/product"}],"wp:featuredmedia":[{"embeddable":true,"href":"https:\/\/reddotalerts.ca\/fr\/wp-json\/wp\/v2\/media\/9696"}],"wp:attachment":[{"href":"https:\/\/reddotalerts.ca\/fr\/wp-json\/wp\/v2\/media?parent=10095"}],"wp:term":[{"taxonomy":"product_brand","embeddable":true,"href":"https:\/\/reddotalerts.ca\/fr\/wp-json\/wp\/v2\/product_brand?post=10095"},{"taxonomy":"product_cat","embeddable":true,"href":"https:\/\/reddotalerts.ca\/fr\/wp-json\/wp\/v2\/product_cat?post=10095"},{"taxonomy":"product_tag","embeddable":true,"href":"https:\/\/reddotalerts.ca\/fr\/wp-json\/wp\/v2\/product_tag?post=10095"}],"curies":[{"name":"wp","href":"https:\/\/api.w.org\/{rel}","templated":true}]}}