{"id":10191,"date":"2024-02-28T21:12:56","date_gmt":"2024-02-29T15:15:36","guid":{"rendered":"https:\/\/reddotalerts.ca\/?post_type=product&#038;p=10191"},"modified":"2024-03-28T16:20:17","modified_gmt":"2024-03-28T20:20:17","slug":"at-home-avec-detection-de-chute","status":"publish","type":"product","link":"https:\/\/reddotalerts.ca\/fr\/produit\/at-home-avec-detection-de-chute\/","title":{"rendered":"At-Home avec d\u00e9tection de chute"},"content":{"rendered":"","protected":false},"excerpt":{"rendered":"<h5>Frais Mensuels R\u00e9currents : 49,99 $ \/ mois<\/h5>\n<ul>\n<li>Acc\u00e8s jour et nuit au centre de surveillance sp\u00e9cialis\u00e9<\/li>\n<li>Communication vocale bidirectionnelle<\/li>\n<li>Op\u00e9rateurs certifi\u00e9s \u2013 ULC<\/li>\n<li>Port\u00e9e allant jusqu\u2019\u00e0 400 m\u00e8tres<\/li>\n<li>Pile de secours avec autonomie de 36 heures<\/li>\n<li>Garantie de 30 jours sans contrainte<\/li>\n<li>\u00c0 l\u2019\u00e9preuve de l\u2019eau<\/li>\n<li>Possibilit\u00e9 d\u2019obtenir des boutons suppl\u00e9mentaires sans fil<\/li>\n<li>Aucun contrat<\/li>\n<li>Aucuns frais d\u2019activation<\/li>\n<li>Aucuns frais d\u2019installation avec l\u2019auto-installation<\/li>\n<li>Aucuns frais d\u2019annulation<\/li>\n<li>Livraison gratuite<\/li>\n<\/ul>\n<h6>Garantie sans contrainte<\/h6>\n","protected":false},"featured_media":5591,"template":"","meta":{"_et_pb_use_builder":"","_et_pb_old_content":"","_et_gb_content_width":"","om_disable_all_campaigns":false,"inline_featured_image":false,"_monsterinsights_skip_tracking":false,"_monsterinsights_sitenote_active":false,"_monsterinsights_sitenote_note":"","_monsterinsights_sitenote_category":0,"_links_to":"","_links_to_target":""},"product_brand":[],"product_cat":[81],"product_tag":[],"class_list":{"0":"post-10191","1":"product","2":"type-product","3":"status-publish","4":"has-post-thumbnail","6":"product_cat-a-domicile","8":"first","9":"instock","10":"taxable","11":"shipping-taxable","12":"purchasable","13":"product-type-subscription"},"aioseo_notices":[],"yoast_head":"<!-- This site is optimized with the Yoast SEO plugin v27.0 - https:\/\/yoast.com\/product\/yoast-seo-wordpress\/ -->\n<title>At-Home avec d\u00e9tection de chute - Red Dot Personal Alert Solutions<\/title>\n<meta name=\"robots\" content=\"index, follow, max-snippet:-1, max-image-preview:large, max-video-preview:-1\" \/>\n<link rel=\"canonical\" href=\"https:\/\/reddotalerts.ca\/fr\/produit\/at-home-avec-detection-de-chute\/\" \/>\n<meta property=\"og:locale\" content=\"fr_FR\" \/>\n<meta property=\"og:type\" content=\"article\" \/>\n<meta property=\"og:title\" content=\"At-Home avec d\u00e9tection de chute - Red Dot Personal Alert Solutions\" \/>\n<meta property=\"og:description\" content=\"Frais Mensuels R\u00e9currents : 49,99 $ \/ mois   Acc\u00e8s jour et nuit au centre de surveillance sp\u00e9cialis\u00e9  Communication vocale bidirectionnelle  Op\u00e9rateurs certifi\u00e9s \u2013 ULC  Port\u00e9e allant jusqu\u2019\u00e0 400 m\u00e8tres  Pile de secours avec autonomie de 36 heures  Garantie de 30 jours sans contrainte  \u00c0 l\u2019\u00e9preuve de l\u2019eau  Possibilit\u00e9 d\u2019obtenir des boutons suppl\u00e9mentaires sans fil  Aucun contrat  Aucuns frais d\u2019activation  Aucuns frais d\u2019installation avec l\u2019auto-installation  Aucuns frais d\u2019annulation  Livraison gratuite  Garantie sans contrainte\" \/>\n<meta property=\"og:url\" content=\"https:\/\/reddotalerts.ca\/fr\/produit\/at-home-avec-detection-de-chute\/\" \/>\n<meta property=\"og:site_name\" content=\"Red Dot Personal Alert Solutions\" \/>\n<meta property=\"article:modified_time\" content=\"2024-03-28T20:20:17+00:00\" \/>\n<meta property=\"og:image\" content=\"https:\/\/reddotalerts.ca\/wp-content\/uploads\/2021\/10\/reddotalerts-at-home_solution.png\" \/>\n\t<meta property=\"og:image:width\" content=\"896\" \/>\n\t<meta property=\"og:image:height\" content=\"896\" \/>\n\t<meta property=\"og:image:type\" content=\"image\/png\" \/>\n<meta name=\"twitter:card\" content=\"summary_large_image\" \/>\n<script type=\"application\/ld+json\" class=\"yoast-schema-graph\">{\"@context\":\"https:\/\/schema.org\",\"@graph\":[{\"@type\":\"WebPage\",\"@id\":\"https:\/\/reddotalerts.ca\/fr\/produit\/at-home-avec-detection-de-chute\/\",\"url\":\"https:\/\/reddotalerts.ca\/fr\/produit\/at-home-avec-detection-de-chute\/\",\"name\":\"At-Home avec d\u00e9tection de chute - Red Dot Personal Alert Solutions\",\"isPartOf\":{\"@id\":\"https:\/\/reddotalerts.ca\/fr\/#website\"},\"primaryImageOfPage\":{\"@id\":\"https:\/\/reddotalerts.ca\/fr\/produit\/at-home-avec-detection-de-chute\/#primaryimage\"},\"image\":{\"@id\":\"https:\/\/reddotalerts.ca\/fr\/produit\/at-home-avec-detection-de-chute\/#primaryimage\"},\"thumbnailUrl\":\"https:\/\/reddotalerts.ca\/wp-content\/uploads\/2021\/10\/reddotalerts-at-home_solution.png\",\"datePublished\":\"2024-02-29T15:15:36+00:00\",\"dateModified\":\"2024-03-28T20:20:17+00:00\",\"breadcrumb\":{\"@id\":\"https:\/\/reddotalerts.ca\/fr\/produit\/at-home-avec-detection-de-chute\/#breadcrumb\"},\"inLanguage\":\"fr-FR\",\"potentialAction\":[{\"@type\":\"ReadAction\",\"target\":[\"https:\/\/reddotalerts.ca\/fr\/produit\/at-home-avec-detection-de-chute\/\"]}]},{\"@type\":\"ImageObject\",\"inLanguage\":\"fr-FR\",\"@id\":\"https:\/\/reddotalerts.ca\/fr\/produit\/at-home-avec-detection-de-chute\/#primaryimage\",\"url\":\"https:\/\/reddotalerts.ca\/wp-content\/uploads\/2021\/10\/reddotalerts-at-home_solution.png\",\"contentUrl\":\"https:\/\/reddotalerts.ca\/wp-content\/uploads\/2021\/10\/reddotalerts-at-home_solution.png\",\"width\":896,\"height\":896},{\"@type\":\"BreadcrumbList\",\"@id\":\"https:\/\/reddotalerts.ca\/fr\/produit\/at-home-avec-detection-de-chute\/#breadcrumb\",\"itemListElement\":[{\"@type\":\"ListItem\",\"position\":1,\"name\":\"Home\",\"item\":\"https:\/\/reddotalerts.ca\/fr\/\"},{\"@type\":\"ListItem\",\"position\":2,\"name\":\"Private: Shop\",\"item\":\"https:\/\/reddotalerts.ca\/?page_id=9653\"},{\"@type\":\"ListItem\",\"position\":3,\"name\":\"At-Home avec d\u00e9tection de chute\"}]},{\"@type\":\"WebSite\",\"@id\":\"https:\/\/reddotalerts.ca\/fr\/#website\",\"url\":\"https:\/\/reddotalerts.ca\/fr\/\",\"name\":\"Red Dot Personal Alert Solutions\",\"description\":\"Red Dot knows how important it is to keep your loved ones safe.\",\"publisher\":{\"@id\":\"https:\/\/reddotalerts.ca\/fr\/#organization\"},\"potentialAction\":[{\"@type\":\"SearchAction\",\"target\":{\"@type\":\"EntryPoint\",\"urlTemplate\":\"https:\/\/reddotalerts.ca\/fr\/?s={search_term_string}\"},\"query-input\":{\"@type\":\"PropertyValueSpecification\",\"valueRequired\":true,\"valueName\":\"search_term_string\"}}],\"inLanguage\":\"fr-FR\"},{\"@type\":\"Organization\",\"@id\":\"https:\/\/reddotalerts.ca\/fr\/#organization\",\"name\":\"Red Dot Personal Alert Solutions\",\"url\":\"https:\/\/reddotalerts.ca\/fr\/\",\"logo\":{\"@type\":\"ImageObject\",\"inLanguage\":\"fr-FR\",\"@id\":\"https:\/\/reddotalerts.ca\/fr\/#\/schema\/logo\/image\/\",\"url\":\"\",\"contentUrl\":\"\",\"caption\":\"Red Dot Personal Alert Solutions\"},\"image\":{\"@id\":\"https:\/\/reddotalerts.ca\/fr\/#\/schema\/logo\/image\/\"},\"sameAs\":[\"https:\/\/ca.linkedin.com\/company\/red-dot-alerts\"]}]}<\/script>\n<!-- \/ Yoast SEO plugin. -->","yoast_head_json":{"title":"At-Home avec d\u00e9tection de chute - Red Dot Personal Alert Solutions","robots":{"index":"index","follow":"follow","max-snippet":"max-snippet:-1","max-image-preview":"max-image-preview:large","max-video-preview":"max-video-preview:-1"},"canonical":"https:\/\/reddotalerts.ca\/fr\/produit\/at-home-avec-detection-de-chute\/","og_locale":"fr_FR","og_type":"article","og_title":"At-Home avec d\u00e9tection de chute - Red Dot Personal Alert Solutions","og_description":"Frais Mensuels R\u00e9currents : 49,99 $ \/ mois   Acc\u00e8s jour et nuit au centre de surveillance sp\u00e9cialis\u00e9  Communication vocale bidirectionnelle  Op\u00e9rateurs certifi\u00e9s \u2013 ULC  Port\u00e9e allant jusqu\u2019\u00e0 400 m\u00e8tres  Pile de secours avec autonomie de 36 heures  Garantie de 30 jours sans contrainte  \u00c0 l\u2019\u00e9preuve de l\u2019eau  Possibilit\u00e9 d\u2019obtenir des boutons suppl\u00e9mentaires sans fil  Aucun contrat  Aucuns frais d\u2019activation  Aucuns frais d\u2019installation avec l\u2019auto-installation  Aucuns frais d\u2019annulation  Livraison gratuite  Garantie sans contrainte","og_url":"https:\/\/reddotalerts.ca\/fr\/produit\/at-home-avec-detection-de-chute\/","og_site_name":"Red Dot Personal Alert Solutions","article_modified_time":"2024-03-28T20:20:17+00:00","og_image":[{"width":896,"height":896,"url":"https:\/\/reddotalerts.ca\/wp-content\/uploads\/2021\/10\/reddotalerts-at-home_solution.png","type":"image\/png"}],"twitter_card":"summary_large_image","schema":{"@context":"https:\/\/schema.org","@graph":[{"@type":"WebPage","@id":"https:\/\/reddotalerts.ca\/fr\/produit\/at-home-avec-detection-de-chute\/","url":"https:\/\/reddotalerts.ca\/fr\/produit\/at-home-avec-detection-de-chute\/","name":"At-Home avec d\u00e9tection de chute - Red Dot Personal Alert Solutions","isPartOf":{"@id":"https:\/\/reddotalerts.ca\/fr\/#website"},"primaryImageOfPage":{"@id":"https:\/\/reddotalerts.ca\/fr\/produit\/at-home-avec-detection-de-chute\/#primaryimage"},"image":{"@id":"https:\/\/reddotalerts.ca\/fr\/produit\/at-home-avec-detection-de-chute\/#primaryimage"},"thumbnailUrl":"https:\/\/reddotalerts.ca\/wp-content\/uploads\/2021\/10\/reddotalerts-at-home_solution.png","datePublished":"2024-02-29T15:15:36+00:00","dateModified":"2024-03-28T20:20:17+00:00","breadcrumb":{"@id":"https:\/\/reddotalerts.ca\/fr\/produit\/at-home-avec-detection-de-chute\/#breadcrumb"},"inLanguage":"fr-FR","potentialAction":[{"@type":"ReadAction","target":["https:\/\/reddotalerts.ca\/fr\/produit\/at-home-avec-detection-de-chute\/"]}]},{"@type":"ImageObject","inLanguage":"fr-FR","@id":"https:\/\/reddotalerts.ca\/fr\/produit\/at-home-avec-detection-de-chute\/#primaryimage","url":"https:\/\/reddotalerts.ca\/wp-content\/uploads\/2021\/10\/reddotalerts-at-home_solution.png","contentUrl":"https:\/\/reddotalerts.ca\/wp-content\/uploads\/2021\/10\/reddotalerts-at-home_solution.png","width":896,"height":896},{"@type":"BreadcrumbList","@id":"https:\/\/reddotalerts.ca\/fr\/produit\/at-home-avec-detection-de-chute\/#breadcrumb","itemListElement":[{"@type":"ListItem","position":1,"name":"Home","item":"https:\/\/reddotalerts.ca\/fr\/"},{"@type":"ListItem","position":2,"name":"Private: Shop","item":"https:\/\/reddotalerts.ca\/?page_id=9653"},{"@type":"ListItem","position":3,"name":"At-Home avec d\u00e9tection de chute"}]},{"@type":"WebSite","@id":"https:\/\/reddotalerts.ca\/fr\/#website","url":"https:\/\/reddotalerts.ca\/fr\/","name":"Red Dot Personal Alert Solutions","description":"Red Dot knows how important it is to keep your loved ones safe.","publisher":{"@id":"https:\/\/reddotalerts.ca\/fr\/#organization"},"potentialAction":[{"@type":"SearchAction","target":{"@type":"EntryPoint","urlTemplate":"https:\/\/reddotalerts.ca\/fr\/?s={search_term_string}"},"query-input":{"@type":"PropertyValueSpecification","valueRequired":true,"valueName":"search_term_string"}}],"inLanguage":"fr-FR"},{"@type":"Organization","@id":"https:\/\/reddotalerts.ca\/fr\/#organization","name":"Red Dot Personal Alert Solutions","url":"https:\/\/reddotalerts.ca\/fr\/","logo":{"@type":"ImageObject","inLanguage":"fr-FR","@id":"https:\/\/reddotalerts.ca\/fr\/#\/schema\/logo\/image\/","url":"","contentUrl":"","caption":"Red Dot Personal Alert Solutions"},"image":{"@id":"https:\/\/reddotalerts.ca\/fr\/#\/schema\/logo\/image\/"},"sameAs":["https:\/\/ca.linkedin.com\/company\/red-dot-alerts"]}]}},"_links":{"self":[{"href":"https:\/\/reddotalerts.ca\/fr\/wp-json\/wp\/v2\/product\/10191","targetHints":{"allow":["GET"]}}],"collection":[{"href":"https:\/\/reddotalerts.ca\/fr\/wp-json\/wp\/v2\/product"}],"about":[{"href":"https:\/\/reddotalerts.ca\/fr\/wp-json\/wp\/v2\/types\/product"}],"wp:featuredmedia":[{"embeddable":true,"href":"https:\/\/reddotalerts.ca\/fr\/wp-json\/wp\/v2\/media\/5591"}],"wp:attachment":[{"href":"https:\/\/reddotalerts.ca\/fr\/wp-json\/wp\/v2\/media?parent=10191"}],"wp:term":[{"taxonomy":"product_brand","embeddable":true,"href":"https:\/\/reddotalerts.ca\/fr\/wp-json\/wp\/v2\/product_brand?post=10191"},{"taxonomy":"product_cat","embeddable":true,"href":"https:\/\/reddotalerts.ca\/fr\/wp-json\/wp\/v2\/product_cat?post=10191"},{"taxonomy":"product_tag","embeddable":true,"href":"https:\/\/reddotalerts.ca\/fr\/wp-json\/wp\/v2\/product_tag?post=10191"}],"curies":[{"name":"wp","href":"https:\/\/api.w.org\/{rel}","templated":true}]}}