{"id":10204,"date":"2024-02-29T11:28:32","date_gmt":"2024-02-29T16:32:14","guid":{"rendered":"https:\/\/reddotalerts.ca\/?post_type=product&#038;p=10204"},"modified":"2024-03-28T16:18:59","modified_gmt":"2024-03-28T20:18:59","slug":"at-home-plus-avec-detection-de-chute","status":"publish","type":"product","link":"https:\/\/reddotalerts.ca\/fr\/produit\/at-home-plus-avec-detection-de-chute\/","title":{"rendered":"At-Home+ avec d\u00e9tection de chute"},"content":{"rendered":"","protected":false},"excerpt":{"rendered":"<h5>Frais Mensuels R\u00e9currents : 59,99 $ \/ mois<\/h5>\n<ul>\n<li>Tous les avantages de la solution At Home<\/li>\n<li>Sauvegarde de batterie de 48 heures<\/li>\n<li>Gros bouton d\u2019aide pour un acc\u00e8s rapide aux sp\u00e9cialistes des soins<\/li>\n<li>Bouton d\u2019appel programmable pour les situations non urgentes<\/li>\n<li>Boutons illumin\u00e9s pour une visibilit\u00e9 accrue la nuit<\/li>\n<li>Les voyants lumineux rouges, verts et bleus indiquent l\u2019\u00e9tat de la batterie, de la connectivit\u00e9 cellulaire et du Bluetooth<\/li>\n<li>Int\u00e9gration avec l\u2019application RemoteCare247 permettant aux aidant de surveiller l\u2019activit\u00e9<\/li>\n<li>Recevez des messages vocaux ou des messages textuels convertis en voix de vos proches gr\u00e2ce \u00e0 l\u2019application RemoteCare247<\/li>\n<\/ul>\n<h6>Garantie sans contrainte<\/h6>\n","protected":false},"featured_media":9999,"template":"","meta":{"_et_pb_use_builder":"","_et_pb_old_content":"","_et_gb_content_width":"","om_disable_all_campaigns":false,"inline_featured_image":false,"_monsterinsights_skip_tracking":false,"_monsterinsights_sitenote_active":false,"_monsterinsights_sitenote_note":"","_monsterinsights_sitenote_category":0,"_links_to":"","_links_to_target":""},"product_brand":[],"product_cat":[81],"product_tag":[],"class_list":{"0":"post-10204","1":"product","2":"type-product","3":"status-publish","4":"has-post-thumbnail","6":"product_cat-a-domicile","8":"first","9":"instock","10":"taxable","11":"shipping-taxable","12":"purchasable","13":"product-type-subscription"},"aioseo_notices":[],"yoast_head":"<!-- This site is optimized with the Yoast SEO plugin v27.0 - https:\/\/yoast.com\/product\/yoast-seo-wordpress\/ -->\n<title>At-Home+ avec d\u00e9tection de chute - Red Dot Personal Alert Solutions<\/title>\n<meta name=\"robots\" content=\"index, follow, max-snippet:-1, max-image-preview:large, max-video-preview:-1\" \/>\n<link rel=\"canonical\" href=\"https:\/\/reddotalerts.ca\/fr\/produit\/at-home-plus-avec-detection-de-chute\/\" \/>\n<meta property=\"og:locale\" content=\"fr_FR\" \/>\n<meta property=\"og:type\" content=\"article\" \/>\n<meta property=\"og:title\" content=\"At-Home+ avec d\u00e9tection de chute - Red Dot Personal Alert Solutions\" \/>\n<meta property=\"og:description\" content=\"Frais Mensuels R\u00e9currents : 59,99 $ \/ mois     Tous les avantages de la solution At Home  Sauvegarde de batterie de 48 heures  Gros bouton d\u2019aide pour un acc\u00e8s rapide aux sp\u00e9cialistes des soins  Bouton d\u2019appel programmable pour les situations non urgentes  Boutons illumin\u00e9s pour une visibilit\u00e9 accrue la nuit  Les voyants lumineux rouges, verts et bleus indiquent l\u2019\u00e9tat de la batterie, de la connectivit\u00e9 cellulaire et du Bluetooth  Int\u00e9gration avec l\u2019application RemoteCare247 permettant aux aidant de surveiller l\u2019activit\u00e9  Recevez des messages vocaux ou des messages textuels convertis en voix de vos proches gr\u00e2ce \u00e0 l\u2019application RemoteCare247   Garantie sans contrainte\" \/>\n<meta property=\"og:url\" content=\"https:\/\/reddotalerts.ca\/fr\/produit\/at-home-plus-avec-detection-de-chute\/\" \/>\n<meta property=\"og:site_name\" content=\"Red Dot Personal Alert Solutions\" \/>\n<meta property=\"article:modified_time\" content=\"2024-03-28T20:18:59+00:00\" \/>\n<meta property=\"og:image\" content=\"https:\/\/reddotalerts.ca\/wp-content\/uploads\/2023\/11\/at-home-plus.png\" \/>\n\t<meta property=\"og:image:width\" content=\"1600\" \/>\n\t<meta property=\"og:image:height\" content=\"1600\" \/>\n\t<meta property=\"og:image:type\" content=\"image\/png\" \/>\n<meta name=\"twitter:card\" content=\"summary_large_image\" \/>\n<script type=\"application\/ld+json\" class=\"yoast-schema-graph\">{\"@context\":\"https:\/\/schema.org\",\"@graph\":[{\"@type\":\"WebPage\",\"@id\":\"https:\/\/reddotalerts.ca\/fr\/produit\/at-home-plus-avec-detection-de-chute\/\",\"url\":\"https:\/\/reddotalerts.ca\/fr\/produit\/at-home-plus-avec-detection-de-chute\/\",\"name\":\"At-Home+ avec d\u00e9tection de chute - Red Dot Personal Alert Solutions\",\"isPartOf\":{\"@id\":\"https:\/\/reddotalerts.ca\/fr\/#website\"},\"primaryImageOfPage\":{\"@id\":\"https:\/\/reddotalerts.ca\/fr\/produit\/at-home-plus-avec-detection-de-chute\/#primaryimage\"},\"image\":{\"@id\":\"https:\/\/reddotalerts.ca\/fr\/produit\/at-home-plus-avec-detection-de-chute\/#primaryimage\"},\"thumbnailUrl\":\"https:\/\/reddotalerts.ca\/wp-content\/uploads\/2023\/11\/at-home-plus.png\",\"datePublished\":\"2024-02-29T16:32:14+00:00\",\"dateModified\":\"2024-03-28T20:18:59+00:00\",\"breadcrumb\":{\"@id\":\"https:\/\/reddotalerts.ca\/fr\/produit\/at-home-plus-avec-detection-de-chute\/#breadcrumb\"},\"inLanguage\":\"fr-FR\",\"potentialAction\":[{\"@type\":\"ReadAction\",\"target\":[\"https:\/\/reddotalerts.ca\/fr\/produit\/at-home-plus-avec-detection-de-chute\/\"]}]},{\"@type\":\"ImageObject\",\"inLanguage\":\"fr-FR\",\"@id\":\"https:\/\/reddotalerts.ca\/fr\/produit\/at-home-plus-avec-detection-de-chute\/#primaryimage\",\"url\":\"https:\/\/reddotalerts.ca\/wp-content\/uploads\/2023\/11\/at-home-plus.png\",\"contentUrl\":\"https:\/\/reddotalerts.ca\/wp-content\/uploads\/2023\/11\/at-home-plus.png\",\"width\":1600,\"height\":1600},{\"@type\":\"BreadcrumbList\",\"@id\":\"https:\/\/reddotalerts.ca\/fr\/produit\/at-home-plus-avec-detection-de-chute\/#breadcrumb\",\"itemListElement\":[{\"@type\":\"ListItem\",\"position\":1,\"name\":\"Home\",\"item\":\"https:\/\/reddotalerts.ca\/fr\/\"},{\"@type\":\"ListItem\",\"position\":2,\"name\":\"Private: Shop\",\"item\":\"https:\/\/reddotalerts.ca\/?page_id=9653\"},{\"@type\":\"ListItem\",\"position\":3,\"name\":\"At-Home+ avec d\u00e9tection de chute\"}]},{\"@type\":\"WebSite\",\"@id\":\"https:\/\/reddotalerts.ca\/fr\/#website\",\"url\":\"https:\/\/reddotalerts.ca\/fr\/\",\"name\":\"Red Dot Personal Alert Solutions\",\"description\":\"Red Dot knows how important it is to keep your loved ones safe.\",\"publisher\":{\"@id\":\"https:\/\/reddotalerts.ca\/fr\/#organization\"},\"potentialAction\":[{\"@type\":\"SearchAction\",\"target\":{\"@type\":\"EntryPoint\",\"urlTemplate\":\"https:\/\/reddotalerts.ca\/fr\/?s={search_term_string}\"},\"query-input\":{\"@type\":\"PropertyValueSpecification\",\"valueRequired\":true,\"valueName\":\"search_term_string\"}}],\"inLanguage\":\"fr-FR\"},{\"@type\":\"Organization\",\"@id\":\"https:\/\/reddotalerts.ca\/fr\/#organization\",\"name\":\"Red Dot Personal Alert Solutions\",\"url\":\"https:\/\/reddotalerts.ca\/fr\/\",\"logo\":{\"@type\":\"ImageObject\",\"inLanguage\":\"fr-FR\",\"@id\":\"https:\/\/reddotalerts.ca\/fr\/#\/schema\/logo\/image\/\",\"url\":\"\",\"contentUrl\":\"\",\"caption\":\"Red Dot Personal Alert Solutions\"},\"image\":{\"@id\":\"https:\/\/reddotalerts.ca\/fr\/#\/schema\/logo\/image\/\"},\"sameAs\":[\"https:\/\/ca.linkedin.com\/company\/red-dot-alerts\"]}]}<\/script>\n<!-- \/ Yoast SEO plugin. -->","yoast_head_json":{"title":"At-Home+ avec d\u00e9tection de chute - Red Dot Personal Alert Solutions","robots":{"index":"index","follow":"follow","max-snippet":"max-snippet:-1","max-image-preview":"max-image-preview:large","max-video-preview":"max-video-preview:-1"},"canonical":"https:\/\/reddotalerts.ca\/fr\/produit\/at-home-plus-avec-detection-de-chute\/","og_locale":"fr_FR","og_type":"article","og_title":"At-Home+ avec d\u00e9tection de chute - Red Dot Personal Alert Solutions","og_description":"Frais Mensuels R\u00e9currents : 59,99 $ \/ mois     Tous les avantages de la solution At Home  Sauvegarde de batterie de 48 heures  Gros bouton d\u2019aide pour un acc\u00e8s rapide aux sp\u00e9cialistes des soins  Bouton d\u2019appel programmable pour les situations non urgentes  Boutons illumin\u00e9s pour une visibilit\u00e9 accrue la nuit  Les voyants lumineux rouges, verts et bleus indiquent l\u2019\u00e9tat de la batterie, de la connectivit\u00e9 cellulaire et du Bluetooth  Int\u00e9gration avec l\u2019application RemoteCare247 permettant aux aidant de surveiller l\u2019activit\u00e9  Recevez des messages vocaux ou des messages textuels convertis en voix de vos proches gr\u00e2ce \u00e0 l\u2019application RemoteCare247   Garantie sans contrainte","og_url":"https:\/\/reddotalerts.ca\/fr\/produit\/at-home-plus-avec-detection-de-chute\/","og_site_name":"Red Dot Personal Alert Solutions","article_modified_time":"2024-03-28T20:18:59+00:00","og_image":[{"width":1600,"height":1600,"url":"https:\/\/reddotalerts.ca\/wp-content\/uploads\/2023\/11\/at-home-plus.png","type":"image\/png"}],"twitter_card":"summary_large_image","schema":{"@context":"https:\/\/schema.org","@graph":[{"@type":"WebPage","@id":"https:\/\/reddotalerts.ca\/fr\/produit\/at-home-plus-avec-detection-de-chute\/","url":"https:\/\/reddotalerts.ca\/fr\/produit\/at-home-plus-avec-detection-de-chute\/","name":"At-Home+ avec d\u00e9tection de chute - Red Dot Personal Alert Solutions","isPartOf":{"@id":"https:\/\/reddotalerts.ca\/fr\/#website"},"primaryImageOfPage":{"@id":"https:\/\/reddotalerts.ca\/fr\/produit\/at-home-plus-avec-detection-de-chute\/#primaryimage"},"image":{"@id":"https:\/\/reddotalerts.ca\/fr\/produit\/at-home-plus-avec-detection-de-chute\/#primaryimage"},"thumbnailUrl":"https:\/\/reddotalerts.ca\/wp-content\/uploads\/2023\/11\/at-home-plus.png","datePublished":"2024-02-29T16:32:14+00:00","dateModified":"2024-03-28T20:18:59+00:00","breadcrumb":{"@id":"https:\/\/reddotalerts.ca\/fr\/produit\/at-home-plus-avec-detection-de-chute\/#breadcrumb"},"inLanguage":"fr-FR","potentialAction":[{"@type":"ReadAction","target":["https:\/\/reddotalerts.ca\/fr\/produit\/at-home-plus-avec-detection-de-chute\/"]}]},{"@type":"ImageObject","inLanguage":"fr-FR","@id":"https:\/\/reddotalerts.ca\/fr\/produit\/at-home-plus-avec-detection-de-chute\/#primaryimage","url":"https:\/\/reddotalerts.ca\/wp-content\/uploads\/2023\/11\/at-home-plus.png","contentUrl":"https:\/\/reddotalerts.ca\/wp-content\/uploads\/2023\/11\/at-home-plus.png","width":1600,"height":1600},{"@type":"BreadcrumbList","@id":"https:\/\/reddotalerts.ca\/fr\/produit\/at-home-plus-avec-detection-de-chute\/#breadcrumb","itemListElement":[{"@type":"ListItem","position":1,"name":"Home","item":"https:\/\/reddotalerts.ca\/fr\/"},{"@type":"ListItem","position":2,"name":"Private: Shop","item":"https:\/\/reddotalerts.ca\/?page_id=9653"},{"@type":"ListItem","position":3,"name":"At-Home+ avec d\u00e9tection de chute"}]},{"@type":"WebSite","@id":"https:\/\/reddotalerts.ca\/fr\/#website","url":"https:\/\/reddotalerts.ca\/fr\/","name":"Red Dot Personal Alert Solutions","description":"Red Dot knows how important it is to keep your loved ones safe.","publisher":{"@id":"https:\/\/reddotalerts.ca\/fr\/#organization"},"potentialAction":[{"@type":"SearchAction","target":{"@type":"EntryPoint","urlTemplate":"https:\/\/reddotalerts.ca\/fr\/?s={search_term_string}"},"query-input":{"@type":"PropertyValueSpecification","valueRequired":true,"valueName":"search_term_string"}}],"inLanguage":"fr-FR"},{"@type":"Organization","@id":"https:\/\/reddotalerts.ca\/fr\/#organization","name":"Red Dot Personal Alert Solutions","url":"https:\/\/reddotalerts.ca\/fr\/","logo":{"@type":"ImageObject","inLanguage":"fr-FR","@id":"https:\/\/reddotalerts.ca\/fr\/#\/schema\/logo\/image\/","url":"","contentUrl":"","caption":"Red Dot Personal Alert Solutions"},"image":{"@id":"https:\/\/reddotalerts.ca\/fr\/#\/schema\/logo\/image\/"},"sameAs":["https:\/\/ca.linkedin.com\/company\/red-dot-alerts"]}]}},"_links":{"self":[{"href":"https:\/\/reddotalerts.ca\/fr\/wp-json\/wp\/v2\/product\/10204","targetHints":{"allow":["GET"]}}],"collection":[{"href":"https:\/\/reddotalerts.ca\/fr\/wp-json\/wp\/v2\/product"}],"about":[{"href":"https:\/\/reddotalerts.ca\/fr\/wp-json\/wp\/v2\/types\/product"}],"wp:featuredmedia":[{"embeddable":true,"href":"https:\/\/reddotalerts.ca\/fr\/wp-json\/wp\/v2\/media\/9999"}],"wp:attachment":[{"href":"https:\/\/reddotalerts.ca\/fr\/wp-json\/wp\/v2\/media?parent=10204"}],"wp:term":[{"taxonomy":"product_brand","embeddable":true,"href":"https:\/\/reddotalerts.ca\/fr\/wp-json\/wp\/v2\/product_brand?post=10204"},{"taxonomy":"product_cat","embeddable":true,"href":"https:\/\/reddotalerts.ca\/fr\/wp-json\/wp\/v2\/product_cat?post=10204"},{"taxonomy":"product_tag","embeddable":true,"href":"https:\/\/reddotalerts.ca\/fr\/wp-json\/wp\/v2\/product_tag?post=10204"}],"curies":[{"name":"wp","href":"https:\/\/api.w.org\/{rel}","templated":true}]}}