{"id":10210,"date":"2024-02-29T12:04:55","date_gmt":"2024-02-29T17:09:03","guid":{"rendered":"https:\/\/reddotalerts.ca\/?post_type=product&#038;p=10210"},"modified":"2024-03-28T16:17:40","modified_gmt":"2024-03-28T20:17:40","slug":"on-the-go","status":"publish","type":"product","link":"https:\/\/reddotalerts.ca\/fr\/produit\/on-the-go\/","title":{"rendered":"On-The-Go"},"content":{"rendered":"","protected":false},"excerpt":{"rendered":"<h5>Frais d\u2019\u00c9quipement : 99,99 $<br \/>\nFrais Mensuels R\u00e9currents : 59,99 $ \/ mois<\/h5>\n<ul>\n<li>Signal d\u2019urgence SOS imm\u00e9diat<\/li>\n<li>Acc\u00e8s \u00e0 des sp\u00e9cialistes des soins bilingues, 24 heures sur 24 jours par semaine<\/li>\n<li>Couverture sur r\u00e9seau 4G<\/li>\n<li>Fonctions Wifi et Bluetooth<\/li>\n<li>Communication bidirectionnelle<\/li>\n<li>Op\u00e9rateur certifi\u00e9 ULC<\/li>\n<li>Localisation GPS directe<\/li>\n<li>L\u00e9ger et durable<\/li>\n<li>\u00c0 l\u2019\u00e9preuve de l\u2019eau<\/li>\n<\/ul>\n<h6>Garantie sans contrainte<\/h6>\n","protected":false},"featured_media":8831,"template":"","meta":{"_et_pb_use_builder":"","_et_pb_old_content":"","_et_gb_content_width":"","om_disable_all_campaigns":false,"inline_featured_image":false,"_monsterinsights_skip_tracking":false,"_monsterinsights_sitenote_active":false,"_monsterinsights_sitenote_note":"","_monsterinsights_sitenote_category":0,"_links_to":"","_links_to_target":""},"product_brand":[],"product_cat":[83],"product_tag":[],"class_list":{"0":"post-10210","1":"product","2":"type-product","3":"status-publish","4":"has-post-thumbnail","6":"product_cat-on-the-go-fr","8":"first","9":"instock","10":"taxable","11":"shipping-taxable","12":"purchasable","13":"product-type-subscription"},"aioseo_notices":[],"yoast_head":"<!-- This site is optimized with the Yoast SEO plugin v27.0 - https:\/\/yoast.com\/product\/yoast-seo-wordpress\/ -->\n<title>On-The-Go - Red Dot Personal Alert Solutions<\/title>\n<meta name=\"robots\" content=\"index, follow, max-snippet:-1, max-image-preview:large, max-video-preview:-1\" \/>\n<link rel=\"canonical\" href=\"https:\/\/reddotalerts.ca\/fr\/produit\/on-the-go\/\" \/>\n<meta property=\"og:locale\" content=\"fr_FR\" \/>\n<meta property=\"og:type\" content=\"article\" \/>\n<meta property=\"og:title\" content=\"On-The-Go - Red Dot Personal Alert Solutions\" \/>\n<meta property=\"og:description\" content=\"Frais d\u2019\u00c9quipement : 99,99 $ Frais Mensuels R\u00e9currents : 59,99 $ \/ mois    Signal d\u2019urgence SOS imm\u00e9diat Acc\u00e8s \u00e0 des sp\u00e9cialistes des soins bilingues, 24 heures sur 24 jours par semaine Couverture sur r\u00e9seau 4G Fonctions Wifi et Bluetooth Communication bidirectionnelle Op\u00e9rateur certifi\u00e9 ULC Localisation GPS directe L\u00e9ger et durable \u00c0 l\u2019\u00e9preuve de l\u2019eau    Garantie sans contrainte\" \/>\n<meta property=\"og:url\" content=\"https:\/\/reddotalerts.ca\/fr\/produit\/on-the-go\/\" \/>\n<meta property=\"og:site_name\" content=\"Red Dot Personal Alert Solutions\" \/>\n<meta property=\"article:modified_time\" content=\"2024-03-28T20:17:40+00:00\" \/>\n<meta property=\"og:image\" content=\"https:\/\/reddotalerts.ca\/wp-content\/uploads\/2022\/09\/reddotalerts-on-the-go_mini.png\" \/>\n\t<meta property=\"og:image:width\" content=\"896\" \/>\n\t<meta property=\"og:image:height\" content=\"896\" \/>\n\t<meta property=\"og:image:type\" content=\"image\/png\" \/>\n<meta name=\"twitter:card\" content=\"summary_large_image\" \/>\n<script type=\"application\/ld+json\" class=\"yoast-schema-graph\">{\"@context\":\"https:\/\/schema.org\",\"@graph\":[{\"@type\":\"WebPage\",\"@id\":\"https:\/\/reddotalerts.ca\/fr\/produit\/on-the-go\/\",\"url\":\"https:\/\/reddotalerts.ca\/fr\/produit\/on-the-go\/\",\"name\":\"On-The-Go - Red Dot Personal Alert Solutions\",\"isPartOf\":{\"@id\":\"https:\/\/reddotalerts.ca\/fr\/#website\"},\"primaryImageOfPage\":{\"@id\":\"https:\/\/reddotalerts.ca\/fr\/produit\/on-the-go\/#primaryimage\"},\"image\":{\"@id\":\"https:\/\/reddotalerts.ca\/fr\/produit\/on-the-go\/#primaryimage\"},\"thumbnailUrl\":\"https:\/\/reddotalerts.ca\/wp-content\/uploads\/2022\/09\/reddotalerts-on-the-go_mini.png\",\"datePublished\":\"2024-02-29T17:09:03+00:00\",\"dateModified\":\"2024-03-28T20:17:40+00:00\",\"breadcrumb\":{\"@id\":\"https:\/\/reddotalerts.ca\/fr\/produit\/on-the-go\/#breadcrumb\"},\"inLanguage\":\"fr-FR\",\"potentialAction\":[{\"@type\":\"ReadAction\",\"target\":[\"https:\/\/reddotalerts.ca\/fr\/produit\/on-the-go\/\"]}]},{\"@type\":\"ImageObject\",\"inLanguage\":\"fr-FR\",\"@id\":\"https:\/\/reddotalerts.ca\/fr\/produit\/on-the-go\/#primaryimage\",\"url\":\"https:\/\/reddotalerts.ca\/wp-content\/uploads\/2022\/09\/reddotalerts-on-the-go_mini.png\",\"contentUrl\":\"https:\/\/reddotalerts.ca\/wp-content\/uploads\/2022\/09\/reddotalerts-on-the-go_mini.png\",\"width\":896,\"height\":896},{\"@type\":\"BreadcrumbList\",\"@id\":\"https:\/\/reddotalerts.ca\/fr\/produit\/on-the-go\/#breadcrumb\",\"itemListElement\":[{\"@type\":\"ListItem\",\"position\":1,\"name\":\"Home\",\"item\":\"https:\/\/reddotalerts.ca\/fr\/\"},{\"@type\":\"ListItem\",\"position\":2,\"name\":\"Private: Shop\",\"item\":\"https:\/\/reddotalerts.ca\/?page_id=9653\"},{\"@type\":\"ListItem\",\"position\":3,\"name\":\"On-The-Go\"}]},{\"@type\":\"WebSite\",\"@id\":\"https:\/\/reddotalerts.ca\/fr\/#website\",\"url\":\"https:\/\/reddotalerts.ca\/fr\/\",\"name\":\"Red Dot Personal Alert Solutions\",\"description\":\"Red Dot knows how important it is to keep your loved ones safe.\",\"publisher\":{\"@id\":\"https:\/\/reddotalerts.ca\/fr\/#organization\"},\"potentialAction\":[{\"@type\":\"SearchAction\",\"target\":{\"@type\":\"EntryPoint\",\"urlTemplate\":\"https:\/\/reddotalerts.ca\/fr\/?s={search_term_string}\"},\"query-input\":{\"@type\":\"PropertyValueSpecification\",\"valueRequired\":true,\"valueName\":\"search_term_string\"}}],\"inLanguage\":\"fr-FR\"},{\"@type\":\"Organization\",\"@id\":\"https:\/\/reddotalerts.ca\/fr\/#organization\",\"name\":\"Red Dot Personal Alert Solutions\",\"url\":\"https:\/\/reddotalerts.ca\/fr\/\",\"logo\":{\"@type\":\"ImageObject\",\"inLanguage\":\"fr-FR\",\"@id\":\"https:\/\/reddotalerts.ca\/fr\/#\/schema\/logo\/image\/\",\"url\":\"\",\"contentUrl\":\"\",\"caption\":\"Red Dot Personal Alert Solutions\"},\"image\":{\"@id\":\"https:\/\/reddotalerts.ca\/fr\/#\/schema\/logo\/image\/\"},\"sameAs\":[\"https:\/\/ca.linkedin.com\/company\/red-dot-alerts\"]}]}<\/script>\n<!-- \/ Yoast SEO plugin. -->","yoast_head_json":{"title":"On-The-Go - Red Dot Personal Alert Solutions","robots":{"index":"index","follow":"follow","max-snippet":"max-snippet:-1","max-image-preview":"max-image-preview:large","max-video-preview":"max-video-preview:-1"},"canonical":"https:\/\/reddotalerts.ca\/fr\/produit\/on-the-go\/","og_locale":"fr_FR","og_type":"article","og_title":"On-The-Go - Red Dot Personal Alert Solutions","og_description":"Frais d\u2019\u00c9quipement : 99,99 $ Frais Mensuels R\u00e9currents : 59,99 $ \/ mois    Signal d\u2019urgence SOS imm\u00e9diat Acc\u00e8s \u00e0 des sp\u00e9cialistes des soins bilingues, 24 heures sur 24 jours par semaine Couverture sur r\u00e9seau 4G Fonctions Wifi et Bluetooth Communication bidirectionnelle Op\u00e9rateur certifi\u00e9 ULC Localisation GPS directe L\u00e9ger et durable \u00c0 l\u2019\u00e9preuve de l\u2019eau    Garantie sans contrainte","og_url":"https:\/\/reddotalerts.ca\/fr\/produit\/on-the-go\/","og_site_name":"Red Dot Personal Alert Solutions","article_modified_time":"2024-03-28T20:17:40+00:00","og_image":[{"width":896,"height":896,"url":"https:\/\/reddotalerts.ca\/wp-content\/uploads\/2022\/09\/reddotalerts-on-the-go_mini.png","type":"image\/png"}],"twitter_card":"summary_large_image","schema":{"@context":"https:\/\/schema.org","@graph":[{"@type":"WebPage","@id":"https:\/\/reddotalerts.ca\/fr\/produit\/on-the-go\/","url":"https:\/\/reddotalerts.ca\/fr\/produit\/on-the-go\/","name":"On-The-Go - Red Dot Personal Alert Solutions","isPartOf":{"@id":"https:\/\/reddotalerts.ca\/fr\/#website"},"primaryImageOfPage":{"@id":"https:\/\/reddotalerts.ca\/fr\/produit\/on-the-go\/#primaryimage"},"image":{"@id":"https:\/\/reddotalerts.ca\/fr\/produit\/on-the-go\/#primaryimage"},"thumbnailUrl":"https:\/\/reddotalerts.ca\/wp-content\/uploads\/2022\/09\/reddotalerts-on-the-go_mini.png","datePublished":"2024-02-29T17:09:03+00:00","dateModified":"2024-03-28T20:17:40+00:00","breadcrumb":{"@id":"https:\/\/reddotalerts.ca\/fr\/produit\/on-the-go\/#breadcrumb"},"inLanguage":"fr-FR","potentialAction":[{"@type":"ReadAction","target":["https:\/\/reddotalerts.ca\/fr\/produit\/on-the-go\/"]}]},{"@type":"ImageObject","inLanguage":"fr-FR","@id":"https:\/\/reddotalerts.ca\/fr\/produit\/on-the-go\/#primaryimage","url":"https:\/\/reddotalerts.ca\/wp-content\/uploads\/2022\/09\/reddotalerts-on-the-go_mini.png","contentUrl":"https:\/\/reddotalerts.ca\/wp-content\/uploads\/2022\/09\/reddotalerts-on-the-go_mini.png","width":896,"height":896},{"@type":"BreadcrumbList","@id":"https:\/\/reddotalerts.ca\/fr\/produit\/on-the-go\/#breadcrumb","itemListElement":[{"@type":"ListItem","position":1,"name":"Home","item":"https:\/\/reddotalerts.ca\/fr\/"},{"@type":"ListItem","position":2,"name":"Private: Shop","item":"https:\/\/reddotalerts.ca\/?page_id=9653"},{"@type":"ListItem","position":3,"name":"On-The-Go"}]},{"@type":"WebSite","@id":"https:\/\/reddotalerts.ca\/fr\/#website","url":"https:\/\/reddotalerts.ca\/fr\/","name":"Red Dot Personal Alert Solutions","description":"Red Dot knows how important it is to keep your loved ones safe.","publisher":{"@id":"https:\/\/reddotalerts.ca\/fr\/#organization"},"potentialAction":[{"@type":"SearchAction","target":{"@type":"EntryPoint","urlTemplate":"https:\/\/reddotalerts.ca\/fr\/?s={search_term_string}"},"query-input":{"@type":"PropertyValueSpecification","valueRequired":true,"valueName":"search_term_string"}}],"inLanguage":"fr-FR"},{"@type":"Organization","@id":"https:\/\/reddotalerts.ca\/fr\/#organization","name":"Red Dot Personal Alert Solutions","url":"https:\/\/reddotalerts.ca\/fr\/","logo":{"@type":"ImageObject","inLanguage":"fr-FR","@id":"https:\/\/reddotalerts.ca\/fr\/#\/schema\/logo\/image\/","url":"","contentUrl":"","caption":"Red Dot Personal Alert Solutions"},"image":{"@id":"https:\/\/reddotalerts.ca\/fr\/#\/schema\/logo\/image\/"},"sameAs":["https:\/\/ca.linkedin.com\/company\/red-dot-alerts"]}]}},"_links":{"self":[{"href":"https:\/\/reddotalerts.ca\/fr\/wp-json\/wp\/v2\/product\/10210","targetHints":{"allow":["GET"]}}],"collection":[{"href":"https:\/\/reddotalerts.ca\/fr\/wp-json\/wp\/v2\/product"}],"about":[{"href":"https:\/\/reddotalerts.ca\/fr\/wp-json\/wp\/v2\/types\/product"}],"wp:featuredmedia":[{"embeddable":true,"href":"https:\/\/reddotalerts.ca\/fr\/wp-json\/wp\/v2\/media\/8831"}],"wp:attachment":[{"href":"https:\/\/reddotalerts.ca\/fr\/wp-json\/wp\/v2\/media?parent=10210"}],"wp:term":[{"taxonomy":"product_brand","embeddable":true,"href":"https:\/\/reddotalerts.ca\/fr\/wp-json\/wp\/v2\/product_brand?post=10210"},{"taxonomy":"product_cat","embeddable":true,"href":"https:\/\/reddotalerts.ca\/fr\/wp-json\/wp\/v2\/product_cat?post=10210"},{"taxonomy":"product_tag","embeddable":true,"href":"https:\/\/reddotalerts.ca\/fr\/wp-json\/wp\/v2\/product_tag?post=10210"}],"curies":[{"name":"wp","href":"https:\/\/api.w.org\/{rel}","templated":true}]}}