{"id":10219,"date":"2024-02-29T12:39:00","date_gmt":"2024-02-29T17:42:18","guid":{"rendered":"https:\/\/reddotalerts.ca\/?post_type=product&#038;p=10219"},"modified":"2024-03-28T16:16:39","modified_gmt":"2024-03-28T20:16:39","slug":"gps-smartsole","status":"publish","type":"product","link":"https:\/\/reddotalerts.ca\/fr\/produit\/gps-smartsole\/","title":{"rendered":"GPS SmartSole"},"content":{"rendered":"","protected":false},"excerpt":{"rendered":"<h5>\nFrais d\u2019\u00c9quipement : 399.99 $<br \/>\nFrais Mensuels R\u00e9currents : 49,99 $ \/ mois<\/h5>\n<ul>\n<li>Semelles de chaussures (\u00e0 d\u00e9couper selon la pointure) avec syst\u00e8me int\u00e9gr\u00e9 de localisation par GPS<\/li>\n<li>Activ\u00e9es partout o\u00f9 il y a un r\u00e9seau cellulaire<\/li>\n<li>Application pour t\u00e9l\u00e9phone intelligent Android et Apple<\/li>\n<li>G\u00e9orep\u00e9rage personnalisable pour une mobilit\u00e9 s\u00e9curis\u00e9e<\/li>\n<li>Envoi d\u2019une alerte par courriel ou par texto aux aidants quand la zone d\u00e9limit\u00e9e est franchie<\/li>\n<li>T\u00e9l\u00e9surveillance de bout en bout bas\u00e9e sur l\u2019infonuagique<\/li>\n<li>\u00c0 l\u2019\u00e9preuve de l\u2019eau<\/li>\n<li>Built-in rechargeable batteryPile rechargeable int\u00e9gr\u00e9e<\/li>\n<li>Fonctionne partout au Canada et aux \u00c9tats-Unis<\/li>\n<\/ul>\n<h6>Garantie sans contrainte<\/h6>\n","protected":false},"featured_media":8675,"template":"","meta":{"_et_pb_use_builder":"","_et_pb_old_content":"","_et_gb_content_width":"","om_disable_all_campaigns":false,"inline_featured_image":false,"_monsterinsights_skip_tracking":false,"_monsterinsights_sitenote_active":false,"_monsterinsights_sitenote_note":"","_monsterinsights_sitenote_category":0,"_links_to":"","_links_to_target":""},"product_brand":[],"product_cat":[85],"product_tag":[],"class_list":{"0":"post-10219","1":"product","2":"type-product","3":"status-publish","4":"has-post-thumbnail","6":"product_cat-gps-smartsole-fr","8":"first","9":"instock","10":"taxable","11":"shipping-taxable","12":"purchasable","13":"product-type-subscription"},"aioseo_notices":[],"yoast_head":"<!-- This site is optimized with the Yoast SEO plugin v27.0 - https:\/\/yoast.com\/product\/yoast-seo-wordpress\/ -->\n<title>GPS SmartSole - Red Dot Personal Alert Solutions<\/title>\n<meta name=\"robots\" content=\"index, follow, max-snippet:-1, max-image-preview:large, max-video-preview:-1\" \/>\n<link rel=\"canonical\" href=\"https:\/\/reddotalerts.ca\/fr\/produit\/gps-smartsole\/\" \/>\n<meta property=\"og:locale\" content=\"fr_FR\" \/>\n<meta property=\"og:type\" content=\"article\" \/>\n<meta property=\"og:title\" content=\"GPS SmartSole - Red Dot Personal Alert Solutions\" \/>\n<meta property=\"og:description\" content=\"Frais d\u2019\u00c9quipement : 399.99 $ Frais Mensuels R\u00e9currents : 49,99 $ \/ mois   Semelles de chaussures (\u00e0 d\u00e9couper selon la pointure) avec syst\u00e8me int\u00e9gr\u00e9 de localisation par GPS Activ\u00e9es partout o\u00f9 il y a un r\u00e9seau cellulaire Application pour t\u00e9l\u00e9phone intelligent Android et Apple G\u00e9orep\u00e9rage personnalisable pour une mobilit\u00e9 s\u00e9curis\u00e9e Envoi d\u2019une alerte par courriel ou par texto aux aidants quand la zone d\u00e9limit\u00e9e est franchie T\u00e9l\u00e9surveillance de bout en bout bas\u00e9e sur l\u2019infonuagique \u00c0 l\u2019\u00e9preuve de l\u2019eau Built-in rechargeable batteryPile rechargeable int\u00e9gr\u00e9e Fonctionne partout au Canada et aux \u00c9tats-Unis    Garantie sans contrainte\" \/>\n<meta property=\"og:url\" content=\"https:\/\/reddotalerts.ca\/fr\/produit\/gps-smartsole\/\" \/>\n<meta property=\"og:site_name\" content=\"Red Dot Personal Alert Solutions\" \/>\n<meta property=\"article:modified_time\" content=\"2024-03-28T20:16:39+00:00\" \/>\n<meta property=\"og:image\" content=\"https:\/\/reddotalerts.ca\/wp-content\/uploads\/2022\/06\/reddotalerts-smart-soles_solution.png\" \/>\n\t<meta property=\"og:image:width\" content=\"896\" \/>\n\t<meta property=\"og:image:height\" content=\"896\" \/>\n\t<meta property=\"og:image:type\" content=\"image\/png\" \/>\n<meta name=\"twitter:card\" content=\"summary_large_image\" \/>\n<script type=\"application\/ld+json\" class=\"yoast-schema-graph\">{\"@context\":\"https:\/\/schema.org\",\"@graph\":[{\"@type\":\"WebPage\",\"@id\":\"https:\/\/reddotalerts.ca\/fr\/produit\/gps-smartsole\/\",\"url\":\"https:\/\/reddotalerts.ca\/fr\/produit\/gps-smartsole\/\",\"name\":\"GPS SmartSole - Red Dot Personal Alert Solutions\",\"isPartOf\":{\"@id\":\"https:\/\/reddotalerts.ca\/fr\/#website\"},\"primaryImageOfPage\":{\"@id\":\"https:\/\/reddotalerts.ca\/fr\/produit\/gps-smartsole\/#primaryimage\"},\"image\":{\"@id\":\"https:\/\/reddotalerts.ca\/fr\/produit\/gps-smartsole\/#primaryimage\"},\"thumbnailUrl\":\"https:\/\/reddotalerts.ca\/wp-content\/uploads\/2022\/06\/reddotalerts-smart-soles_solution.png\",\"datePublished\":\"2024-02-29T17:42:18+00:00\",\"dateModified\":\"2024-03-28T20:16:39+00:00\",\"breadcrumb\":{\"@id\":\"https:\/\/reddotalerts.ca\/fr\/produit\/gps-smartsole\/#breadcrumb\"},\"inLanguage\":\"fr-FR\",\"potentialAction\":[{\"@type\":\"ReadAction\",\"target\":[\"https:\/\/reddotalerts.ca\/fr\/produit\/gps-smartsole\/\"]}]},{\"@type\":\"ImageObject\",\"inLanguage\":\"fr-FR\",\"@id\":\"https:\/\/reddotalerts.ca\/fr\/produit\/gps-smartsole\/#primaryimage\",\"url\":\"https:\/\/reddotalerts.ca\/wp-content\/uploads\/2022\/06\/reddotalerts-smart-soles_solution.png\",\"contentUrl\":\"https:\/\/reddotalerts.ca\/wp-content\/uploads\/2022\/06\/reddotalerts-smart-soles_solution.png\",\"width\":896,\"height\":896},{\"@type\":\"BreadcrumbList\",\"@id\":\"https:\/\/reddotalerts.ca\/fr\/produit\/gps-smartsole\/#breadcrumb\",\"itemListElement\":[{\"@type\":\"ListItem\",\"position\":1,\"name\":\"Home\",\"item\":\"https:\/\/reddotalerts.ca\/fr\/\"},{\"@type\":\"ListItem\",\"position\":2,\"name\":\"Private: Shop\",\"item\":\"https:\/\/reddotalerts.ca\/?page_id=9653\"},{\"@type\":\"ListItem\",\"position\":3,\"name\":\"GPS SmartSole\"}]},{\"@type\":\"WebSite\",\"@id\":\"https:\/\/reddotalerts.ca\/fr\/#website\",\"url\":\"https:\/\/reddotalerts.ca\/fr\/\",\"name\":\"Red Dot Personal Alert Solutions\",\"description\":\"Red Dot knows how important it is to keep your loved ones safe.\",\"publisher\":{\"@id\":\"https:\/\/reddotalerts.ca\/fr\/#organization\"},\"potentialAction\":[{\"@type\":\"SearchAction\",\"target\":{\"@type\":\"EntryPoint\",\"urlTemplate\":\"https:\/\/reddotalerts.ca\/fr\/?s={search_term_string}\"},\"query-input\":{\"@type\":\"PropertyValueSpecification\",\"valueRequired\":true,\"valueName\":\"search_term_string\"}}],\"inLanguage\":\"fr-FR\"},{\"@type\":\"Organization\",\"@id\":\"https:\/\/reddotalerts.ca\/fr\/#organization\",\"name\":\"Red Dot Personal Alert Solutions\",\"url\":\"https:\/\/reddotalerts.ca\/fr\/\",\"logo\":{\"@type\":\"ImageObject\",\"inLanguage\":\"fr-FR\",\"@id\":\"https:\/\/reddotalerts.ca\/fr\/#\/schema\/logo\/image\/\",\"url\":\"\",\"contentUrl\":\"\",\"caption\":\"Red Dot Personal Alert Solutions\"},\"image\":{\"@id\":\"https:\/\/reddotalerts.ca\/fr\/#\/schema\/logo\/image\/\"},\"sameAs\":[\"https:\/\/ca.linkedin.com\/company\/red-dot-alerts\"]}]}<\/script>\n<!-- \/ Yoast SEO plugin. -->","yoast_head_json":{"title":"GPS SmartSole - Red Dot Personal Alert Solutions","robots":{"index":"index","follow":"follow","max-snippet":"max-snippet:-1","max-image-preview":"max-image-preview:large","max-video-preview":"max-video-preview:-1"},"canonical":"https:\/\/reddotalerts.ca\/fr\/produit\/gps-smartsole\/","og_locale":"fr_FR","og_type":"article","og_title":"GPS SmartSole - Red Dot Personal Alert Solutions","og_description":"Frais d\u2019\u00c9quipement : 399.99 $ Frais Mensuels R\u00e9currents : 49,99 $ \/ mois   Semelles de chaussures (\u00e0 d\u00e9couper selon la pointure) avec syst\u00e8me int\u00e9gr\u00e9 de localisation par GPS Activ\u00e9es partout o\u00f9 il y a un r\u00e9seau cellulaire Application pour t\u00e9l\u00e9phone intelligent Android et Apple G\u00e9orep\u00e9rage personnalisable pour une mobilit\u00e9 s\u00e9curis\u00e9e Envoi d\u2019une alerte par courriel ou par texto aux aidants quand la zone d\u00e9limit\u00e9e est franchie T\u00e9l\u00e9surveillance de bout en bout bas\u00e9e sur l\u2019infonuagique \u00c0 l\u2019\u00e9preuve de l\u2019eau Built-in rechargeable batteryPile rechargeable int\u00e9gr\u00e9e Fonctionne partout au Canada et aux \u00c9tats-Unis    Garantie sans contrainte","og_url":"https:\/\/reddotalerts.ca\/fr\/produit\/gps-smartsole\/","og_site_name":"Red Dot Personal Alert Solutions","article_modified_time":"2024-03-28T20:16:39+00:00","og_image":[{"width":896,"height":896,"url":"https:\/\/reddotalerts.ca\/wp-content\/uploads\/2022\/06\/reddotalerts-smart-soles_solution.png","type":"image\/png"}],"twitter_card":"summary_large_image","schema":{"@context":"https:\/\/schema.org","@graph":[{"@type":"WebPage","@id":"https:\/\/reddotalerts.ca\/fr\/produit\/gps-smartsole\/","url":"https:\/\/reddotalerts.ca\/fr\/produit\/gps-smartsole\/","name":"GPS SmartSole - Red Dot Personal Alert Solutions","isPartOf":{"@id":"https:\/\/reddotalerts.ca\/fr\/#website"},"primaryImageOfPage":{"@id":"https:\/\/reddotalerts.ca\/fr\/produit\/gps-smartsole\/#primaryimage"},"image":{"@id":"https:\/\/reddotalerts.ca\/fr\/produit\/gps-smartsole\/#primaryimage"},"thumbnailUrl":"https:\/\/reddotalerts.ca\/wp-content\/uploads\/2022\/06\/reddotalerts-smart-soles_solution.png","datePublished":"2024-02-29T17:42:18+00:00","dateModified":"2024-03-28T20:16:39+00:00","breadcrumb":{"@id":"https:\/\/reddotalerts.ca\/fr\/produit\/gps-smartsole\/#breadcrumb"},"inLanguage":"fr-FR","potentialAction":[{"@type":"ReadAction","target":["https:\/\/reddotalerts.ca\/fr\/produit\/gps-smartsole\/"]}]},{"@type":"ImageObject","inLanguage":"fr-FR","@id":"https:\/\/reddotalerts.ca\/fr\/produit\/gps-smartsole\/#primaryimage","url":"https:\/\/reddotalerts.ca\/wp-content\/uploads\/2022\/06\/reddotalerts-smart-soles_solution.png","contentUrl":"https:\/\/reddotalerts.ca\/wp-content\/uploads\/2022\/06\/reddotalerts-smart-soles_solution.png","width":896,"height":896},{"@type":"BreadcrumbList","@id":"https:\/\/reddotalerts.ca\/fr\/produit\/gps-smartsole\/#breadcrumb","itemListElement":[{"@type":"ListItem","position":1,"name":"Home","item":"https:\/\/reddotalerts.ca\/fr\/"},{"@type":"ListItem","position":2,"name":"Private: Shop","item":"https:\/\/reddotalerts.ca\/?page_id=9653"},{"@type":"ListItem","position":3,"name":"GPS SmartSole"}]},{"@type":"WebSite","@id":"https:\/\/reddotalerts.ca\/fr\/#website","url":"https:\/\/reddotalerts.ca\/fr\/","name":"Red Dot Personal Alert Solutions","description":"Red Dot knows how important it is to keep your loved ones safe.","publisher":{"@id":"https:\/\/reddotalerts.ca\/fr\/#organization"},"potentialAction":[{"@type":"SearchAction","target":{"@type":"EntryPoint","urlTemplate":"https:\/\/reddotalerts.ca\/fr\/?s={search_term_string}"},"query-input":{"@type":"PropertyValueSpecification","valueRequired":true,"valueName":"search_term_string"}}],"inLanguage":"fr-FR"},{"@type":"Organization","@id":"https:\/\/reddotalerts.ca\/fr\/#organization","name":"Red Dot Personal Alert Solutions","url":"https:\/\/reddotalerts.ca\/fr\/","logo":{"@type":"ImageObject","inLanguage":"fr-FR","@id":"https:\/\/reddotalerts.ca\/fr\/#\/schema\/logo\/image\/","url":"","contentUrl":"","caption":"Red Dot Personal Alert Solutions"},"image":{"@id":"https:\/\/reddotalerts.ca\/fr\/#\/schema\/logo\/image\/"},"sameAs":["https:\/\/ca.linkedin.com\/company\/red-dot-alerts"]}]}},"_links":{"self":[{"href":"https:\/\/reddotalerts.ca\/fr\/wp-json\/wp\/v2\/product\/10219","targetHints":{"allow":["GET"]}}],"collection":[{"href":"https:\/\/reddotalerts.ca\/fr\/wp-json\/wp\/v2\/product"}],"about":[{"href":"https:\/\/reddotalerts.ca\/fr\/wp-json\/wp\/v2\/types\/product"}],"wp:featuredmedia":[{"embeddable":true,"href":"https:\/\/reddotalerts.ca\/fr\/wp-json\/wp\/v2\/media\/8675"}],"wp:attachment":[{"href":"https:\/\/reddotalerts.ca\/fr\/wp-json\/wp\/v2\/media?parent=10219"}],"wp:term":[{"taxonomy":"product_brand","embeddable":true,"href":"https:\/\/reddotalerts.ca\/fr\/wp-json\/wp\/v2\/product_brand?post=10219"},{"taxonomy":"product_cat","embeddable":true,"href":"https:\/\/reddotalerts.ca\/fr\/wp-json\/wp\/v2\/product_cat?post=10219"},{"taxonomy":"product_tag","embeddable":true,"href":"https:\/\/reddotalerts.ca\/fr\/wp-json\/wp\/v2\/product_tag?post=10219"}],"curies":[{"name":"wp","href":"https:\/\/api.w.org\/{rel}","templated":true}]}}